{"id":2182,"date":"2025-12-10T15:45:58","date_gmt":"2025-12-10T13:45:58","guid":{"rendered":"https:\/\/dive-greece.3ds.gr\/?post_type=product&#038;p=2182"},"modified":"2026-01-23T07:04:21","modified_gmt":"2026-01-23T05:04:21","slug":"padi-discover-scuba-diving","status":"publish","type":"product","link":"https:\/\/dive-greece.gr\/fr\/p\/padi-discover-scuba-diving\/","title":{"rendered":"Bath\u00eame de plong\u00e9e PADI"},"content":{"rendered":"<p>Vous cherchez une exp\u00e9rience nouvelle, loin de la foule, en toute s\u00e9r\u00e9nit\u00e9 et s\u00e9curit\u00e9 ?<\/p>\n<p>Vivez les \u00e9motions de la plong\u00e9e bouteille avec notre programme d\u00e9couverte PADI en Chalcidique, Gr\u00e8ce !<\/p>","protected":false},"excerpt":{"rendered":"<p>Are you looking for something new, away from the crowds, in total peace and safety? Experience the thrill of scuba diving with our PADI Discover Scuba Diving program in Halkidiki, Greece!<\/p>","protected":false},"featured_media":2395,"parent":0,"template":"","meta":[],"product_brand":[],"product_cat":[31],"product_tag":[],"levels":[38],"class_list":{"0":"post-2182","1":"product","2":"type-product","3":"status-publish","4":"has-post-thumbnail","6":"product_cat-scuba-diving","7":"levels-arxarios","9":"first","10":"instock","11":"shipping-taxable","12":"purchasable","13":"product-type-simple"},"yoast_head":"<!-- This site is optimized with the Yoast SEO plugin v26.2 - https:\/\/yoast.com\/wordpress\/plugins\/seo\/ -->\n<title>PADI Discover Scuba Diving &#8211; Dive Greece<\/title>\n<meta name=\"robots\" content=\"index, follow, max-snippet:-1, max-image-preview:large, max-video-preview:-1\" \/>\n<link rel=\"canonical\" href=\"https:\/\/dive-greece.gr\/fr\/p\/padi-discover-scuba-diving\/\" \/>\n<meta property=\"og:locale\" content=\"fr_FR\" \/>\n<meta property=\"og:type\" content=\"article\" \/>\n<meta property=\"og:title\" content=\"PADI Discover Scuba Diving &#8211; Dive Greece\" \/>\n<meta property=\"og:description\" content=\"Are you looking for something new, away from the crowds, in total peace and safety? Experience the thrill of scuba diving with our PADI Discover Scuba Diving program in Halkidiki, Greece!\" \/>\n<meta property=\"og:url\" content=\"https:\/\/dive-greece.gr\/fr\/p\/padi-discover-scuba-diving\/\" \/>\n<meta property=\"og:site_name\" content=\"Dive Greece\" \/>\n<meta property=\"article:publisher\" content=\"https:\/\/www.facebook.com\/divegreece16\/\" \/>\n<meta property=\"article:modified_time\" content=\"2026-01-23T05:04:21+00:00\" \/>\n<meta property=\"og:image\" content=\"https:\/\/dive-greece.gr\/wp-content\/uploads\/discover-scuba-diving-dive-greece.jpg\" \/>\n\t<meta property=\"og:image:width\" content=\"1980\" \/>\n\t<meta property=\"og:image:height\" content=\"1320\" \/>\n\t<meta property=\"og:image:type\" content=\"image\/jpeg\" \/>\n<meta name=\"twitter:card\" content=\"summary_large_image\" \/>\n<meta name=\"twitter:label1\" content=\"Dur\u00e9e de lecture estim\u00e9e\" \/>\n\t<meta name=\"twitter:data1\" content=\"1 minute\" \/>\n<script type=\"application\/ld+json\" class=\"yoast-schema-graph\">{\"@context\":\"https:\/\/schema.org\",\"@graph\":[{\"@type\":\"WebPage\",\"@id\":\"https:\/\/dive-greece.gr\/p\/padi-discover-scuba-diving\/\",\"url\":\"https:\/\/dive-greece.gr\/p\/padi-discover-scuba-diving\/\",\"name\":\"PADI Discover Scuba Diving &#8211; Dive Greece\",\"isPartOf\":{\"@id\":\"https:\/\/dive-greece.gr\/#website\"},\"primaryImageOfPage\":{\"@id\":\"https:\/\/dive-greece.gr\/p\/padi-discover-scuba-diving\/#primaryimage\"},\"image\":{\"@id\":\"https:\/\/dive-greece.gr\/p\/padi-discover-scuba-diving\/#primaryimage\"},\"thumbnailUrl\":\"https:\/\/dive-greece.gr\/wp-content\/uploads\/discover-scuba-diving-dive-greece.jpg\",\"datePublished\":\"2025-12-10T13:45:58+00:00\",\"dateModified\":\"2026-01-23T05:04:21+00:00\",\"breadcrumb\":{\"@id\":\"https:\/\/dive-greece.gr\/p\/padi-discover-scuba-diving\/#breadcrumb\"},\"inLanguage\":\"fr-FR\",\"potentialAction\":[{\"@type\":\"ReadAction\",\"target\":[\"https:\/\/dive-greece.gr\/p\/padi-discover-scuba-diving\/\"]}]},{\"@type\":\"ImageObject\",\"inLanguage\":\"fr-FR\",\"@id\":\"https:\/\/dive-greece.gr\/p\/padi-discover-scuba-diving\/#primaryimage\",\"url\":\"https:\/\/dive-greece.gr\/wp-content\/uploads\/discover-scuba-diving-dive-greece.jpg\",\"contentUrl\":\"https:\/\/dive-greece.gr\/wp-content\/uploads\/discover-scuba-diving-dive-greece.jpg\",\"width\":1980,\"height\":1320,\"caption\":\"PADI Open Water scuba diving lesson with instructor and two students in confined water. Dive Greece \u2013 beginner dive training in Halkidiki.\"},{\"@type\":\"BreadcrumbList\",\"@id\":\"https:\/\/dive-greece.gr\/p\/padi-discover-scuba-diving\/#breadcrumb\",\"itemListElement\":[{\"@type\":\"ListItem\",\"position\":1,\"name\":\"Home\",\"item\":\"https:\/\/dive-greece.gr\/\"},{\"@type\":\"ListItem\",\"position\":2,\"name\":\"Shop\",\"item\":\"https:\/\/dive-greece.gr\/shop\/\"},{\"@type\":\"ListItem\",\"position\":3,\"name\":\"Scuba Diving\",\"item\":\"https:\/\/dive-greece.gr\/c\/scuba-diving\/\"},{\"@type\":\"ListItem\",\"position\":4,\"name\":\"PADI Discover Scuba Diving\"}]},{\"@type\":\"WebSite\",\"@id\":\"https:\/\/dive-greece.gr\/#website\",\"url\":\"https:\/\/dive-greece.gr\/\",\"name\":\"Dive Greece\",\"description\":\"\",\"publisher\":{\"@id\":\"https:\/\/dive-greece.gr\/#organization\"},\"potentialAction\":[{\"@type\":\"SearchAction\",\"target\":{\"@type\":\"EntryPoint\",\"urlTemplate\":\"https:\/\/dive-greece.gr\/?s={search_term_string}\"},\"query-input\":{\"@type\":\"PropertyValueSpecification\",\"valueRequired\":true,\"valueName\":\"search_term_string\"}}],\"inLanguage\":\"fr-FR\"},{\"@type\":\"Organization\",\"@id\":\"https:\/\/dive-greece.gr\/#organization\",\"name\":\"Dive Greece\",\"url\":\"https:\/\/dive-greece.gr\/\",\"logo\":{\"@type\":\"ImageObject\",\"inLanguage\":\"fr-FR\",\"@id\":\"https:\/\/dive-greece.gr\/#\/schema\/logo\/image\/\",\"url\":\"https:\/\/dive-greece.gr\/wp-content\/uploads\/logo-dive-greece.png\",\"contentUrl\":\"https:\/\/dive-greece.gr\/wp-content\/uploads\/logo-dive-greece.png\",\"width\":264,\"height\":136,\"caption\":\"Dive Greece\"},\"image\":{\"@id\":\"https:\/\/dive-greece.gr\/#\/schema\/logo\/image\/\"},\"sameAs\":[\"https:\/\/www.facebook.com\/divegreece16\/\"]}]}<\/script>\n<!-- \/ Yoast SEO plugin. -->","yoast_head_json":{"title":"PADI Discover Scuba Diving &#8211; Dive Greece","robots":{"index":"index","follow":"follow","max-snippet":"max-snippet:-1","max-image-preview":"max-image-preview:large","max-video-preview":"max-video-preview:-1"},"canonical":"https:\/\/dive-greece.gr\/fr\/p\/padi-discover-scuba-diving\/","og_locale":"fr_FR","og_type":"article","og_title":"PADI Discover Scuba Diving &#8211; Dive Greece","og_description":"Are you looking for something new, away from the crowds, in total peace and safety? Experience the thrill of scuba diving with our PADI Discover Scuba Diving program in Halkidiki, Greece!","og_url":"https:\/\/dive-greece.gr\/fr\/p\/padi-discover-scuba-diving\/","og_site_name":"Dive Greece","article_publisher":"https:\/\/www.facebook.com\/divegreece16\/","article_modified_time":"2026-01-23T05:04:21+00:00","og_image":[{"width":1980,"height":1320,"url":"https:\/\/dive-greece.gr\/wp-content\/uploads\/discover-scuba-diving-dive-greece.jpg","type":"image\/jpeg"}],"twitter_card":"summary_large_image","twitter_misc":{"Dur\u00e9e de lecture estim\u00e9e":"1 minute"},"schema":{"@context":"https:\/\/schema.org","@graph":[{"@type":"WebPage","@id":"https:\/\/dive-greece.gr\/p\/padi-discover-scuba-diving\/","url":"https:\/\/dive-greece.gr\/p\/padi-discover-scuba-diving\/","name":"PADI Discover Scuba Diving &#8211; Dive Greece","isPartOf":{"@id":"https:\/\/dive-greece.gr\/#website"},"primaryImageOfPage":{"@id":"https:\/\/dive-greece.gr\/p\/padi-discover-scuba-diving\/#primaryimage"},"image":{"@id":"https:\/\/dive-greece.gr\/p\/padi-discover-scuba-diving\/#primaryimage"},"thumbnailUrl":"https:\/\/dive-greece.gr\/wp-content\/uploads\/discover-scuba-diving-dive-greece.jpg","datePublished":"2025-12-10T13:45:58+00:00","dateModified":"2026-01-23T05:04:21+00:00","breadcrumb":{"@id":"https:\/\/dive-greece.gr\/p\/padi-discover-scuba-diving\/#breadcrumb"},"inLanguage":"fr-FR","potentialAction":[{"@type":"ReadAction","target":["https:\/\/dive-greece.gr\/p\/padi-discover-scuba-diving\/"]}]},{"@type":"ImageObject","inLanguage":"fr-FR","@id":"https:\/\/dive-greece.gr\/p\/padi-discover-scuba-diving\/#primaryimage","url":"https:\/\/dive-greece.gr\/wp-content\/uploads\/discover-scuba-diving-dive-greece.jpg","contentUrl":"https:\/\/dive-greece.gr\/wp-content\/uploads\/discover-scuba-diving-dive-greece.jpg","width":1980,"height":1320,"caption":"PADI Open Water scuba diving lesson with instructor and two students in confined water. Dive Greece \u2013 beginner dive training in Halkidiki."},{"@type":"BreadcrumbList","@id":"https:\/\/dive-greece.gr\/p\/padi-discover-scuba-diving\/#breadcrumb","itemListElement":[{"@type":"ListItem","position":1,"name":"Home","item":"https:\/\/dive-greece.gr\/"},{"@type":"ListItem","position":2,"name":"Shop","item":"https:\/\/dive-greece.gr\/shop\/"},{"@type":"ListItem","position":3,"name":"Scuba Diving","item":"https:\/\/dive-greece.gr\/c\/scuba-diving\/"},{"@type":"ListItem","position":4,"name":"PADI Discover Scuba Diving"}]},{"@type":"WebSite","@id":"https:\/\/dive-greece.gr\/#website","url":"https:\/\/dive-greece.gr\/","name":"Dive Greece","description":"","publisher":{"@id":"https:\/\/dive-greece.gr\/#organization"},"potentialAction":[{"@type":"SearchAction","target":{"@type":"EntryPoint","urlTemplate":"https:\/\/dive-greece.gr\/?s={search_term_string}"},"query-input":{"@type":"PropertyValueSpecification","valueRequired":true,"valueName":"search_term_string"}}],"inLanguage":"fr-FR"},{"@type":"Organization","@id":"https:\/\/dive-greece.gr\/#organization","name":"Dive Greece","url":"https:\/\/dive-greece.gr\/","logo":{"@type":"ImageObject","inLanguage":"fr-FR","@id":"https:\/\/dive-greece.gr\/#\/schema\/logo\/image\/","url":"https:\/\/dive-greece.gr\/wp-content\/uploads\/logo-dive-greece.png","contentUrl":"https:\/\/dive-greece.gr\/wp-content\/uploads\/logo-dive-greece.png","width":264,"height":136,"caption":"Dive Greece"},"image":{"@id":"https:\/\/dive-greece.gr\/#\/schema\/logo\/image\/"},"sameAs":["https:\/\/www.facebook.com\/divegreece16\/"]}]}},"_links":{"self":[{"href":"https:\/\/dive-greece.gr\/fr\/wp-json\/wp\/v2\/product\/2182","targetHints":{"allow":["GET"]}}],"collection":[{"href":"https:\/\/dive-greece.gr\/fr\/wp-json\/wp\/v2\/product"}],"about":[{"href":"https:\/\/dive-greece.gr\/fr\/wp-json\/wp\/v2\/types\/product"}],"wp:featuredmedia":[{"embeddable":true,"href":"https:\/\/dive-greece.gr\/fr\/wp-json\/wp\/v2\/media\/2395"}],"wp:attachment":[{"href":"https:\/\/dive-greece.gr\/fr\/wp-json\/wp\/v2\/media?parent=2182"}],"wp:term":[{"taxonomy":"product_brand","embeddable":true,"href":"https:\/\/dive-greece.gr\/fr\/wp-json\/wp\/v2\/product_brand?post=2182"},{"taxonomy":"product_cat","embeddable":true,"href":"https:\/\/dive-greece.gr\/fr\/wp-json\/wp\/v2\/product_cat?post=2182"},{"taxonomy":"product_tag","embeddable":true,"href":"https:\/\/dive-greece.gr\/fr\/wp-json\/wp\/v2\/product_tag?post=2182"},{"taxonomy":"levels","embeddable":true,"href":"https:\/\/dive-greece.gr\/fr\/wp-json\/wp\/v2\/levels?post=2182"}],"curies":[{"name":"wp","href":"https:\/\/api.w.org\/{rel}","templated":true}]}}