{"id":2201,"date":"2025-10-07T15:20:39","date_gmt":"2025-10-07T12:20:39","guid":{"rendered":"https:\/\/dive-greece.3ds.gr\/?post_type=product&#038;p=2201"},"modified":"2026-03-22T09:01:43","modified_gmt":"2026-03-22T07:01:43","slug":"padi-night-diver","status":"publish","type":"product","link":"https:\/\/dive-greece.gr\/fr\/p\/padi-night-diver\/","title":{"rendered":"PADI Night Diver"},"content":{"rendered":"<p class=\"translation-block\">Quel est l\u2019int\u00e9r\u00eat de plonger la nuit ?\nC\u2019est une question que beaucoup de plongeurs se posent. La plong\u00e9e de nuit ajoute en effet une toute nouvelle dimension \u00e0 vos aventures sous-marines :\n- Explorer la vie marine nocturne : d\u00e9couvrez des cr\u00e9atures (poulpes, mur\u00e8nes\u2026) que l\u2019on voit rarement pendant la journ\u00e9e.\n- Amplifier les d\u00e9tails : avec le faisceau lumineux de votre lampe, vous vous concentrez sur les d\u00e9tails fascinants de la vie sous-marine.\n- Une ambiance myst\u00e9rieuse : m\u00eame vos sites de plong\u00e9e habituels se transforment la nuit et offrent une exp\u00e9rience unique et captivante.\n- Une activit\u00e9 flexible : si vos journ\u00e9es sont bien remplies, la plong\u00e9e nocturne vous permet de vivre votre passion apr\u00e8s le travail.<\/p>","protected":false},"excerpt":{"rendered":"<p>What&#8217;s the interest of scuba diving at night? It&#8217;s a question many divers ask. In fact, night diving adds a whole new aspect to you underwater adventures: &#8211; Explore Nocturnal Sea Life: Observe sea creatures (octopuses, moray eals&#8230;),that are rarely seen during the day. &#8211; Increased Detail: With only your torch lighting your surroundings, you [&hellip;]<\/p>","protected":false},"featured_media":2401,"parent":0,"template":"","meta":[],"product_brand":[],"product_cat":[33,36],"product_tag":[],"levels":[40],"class_list":{"0":"post-2201","1":"product","2":"type-product","3":"status-publish","4":"has-post-thumbnail","6":"product_cat-padi-diving-courses","7":"product_cat-specialties","8":"levels-pistopoihmenos","10":"first","11":"instock","12":"shipping-taxable","13":"purchasable","14":"product-type-simple"},"yoast_head":"<!-- This site is optimized with the Yoast SEO plugin v26.2 - https:\/\/yoast.com\/wordpress\/plugins\/seo\/ -->\n<title>PADI Night Diver &#8211; Dive Greece<\/title>\n<meta name=\"robots\" content=\"index, follow, max-snippet:-1, max-image-preview:large, max-video-preview:-1\" \/>\n<link rel=\"canonical\" href=\"https:\/\/dive-greece.gr\/fr\/p\/padi-night-diver\/\" \/>\n<meta property=\"og:locale\" content=\"fr_FR\" \/>\n<meta property=\"og:type\" content=\"article\" \/>\n<meta property=\"og:title\" content=\"PADI Night Diver &#8211; Dive Greece\" \/>\n<meta property=\"og:description\" content=\"What&#8217;s the interest of scuba diving at night? It&#8217;s a question many divers ask. In fact, night diving adds a whole new aspect to you underwater adventures: &#8211; Explore Nocturnal Sea Life: Observe sea creatures (octopuses, moray eals&#8230;),that are rarely seen during the day. &#8211; Increased Detail: With only your torch lighting your surroundings, you [&hellip;]\" \/>\n<meta property=\"og:url\" content=\"https:\/\/dive-greece.gr\/fr\/p\/padi-night-diver\/\" \/>\n<meta property=\"og:site_name\" content=\"Dive Greece\" \/>\n<meta property=\"article:publisher\" content=\"https:\/\/www.facebook.com\/divegreece16\/\" \/>\n<meta property=\"article:modified_time\" content=\"2026-03-22T07:01:43+00:00\" \/>\n<meta property=\"og:image\" content=\"https:\/\/dive-greece.gr\/wp-content\/uploads\/night-diving-greece-torches.jpg\" \/>\n\t<meta property=\"og:image:width\" content=\"1145\" \/>\n\t<meta property=\"og:image:height\" content=\"1610\" \/>\n\t<meta property=\"og:image:type\" content=\"image\/jpeg\" \/>\n<meta name=\"twitter:card\" content=\"summary_large_image\" \/>\n<meta name=\"twitter:label1\" content=\"Dur\u00e9e de lecture estim\u00e9e\" \/>\n\t<meta name=\"twitter:data1\" content=\"1 minute\" \/>\n<script type=\"application\/ld+json\" class=\"yoast-schema-graph\">{\"@context\":\"https:\/\/schema.org\",\"@graph\":[{\"@type\":\"WebPage\",\"@id\":\"https:\/\/dive-greece.gr\/p\/padi-night-diver\/\",\"url\":\"https:\/\/dive-greece.gr\/p\/padi-night-diver\/\",\"name\":\"PADI Night Diver &#8211; Dive Greece\",\"isPartOf\":{\"@id\":\"https:\/\/dive-greece.gr\/#website\"},\"primaryImageOfPage\":{\"@id\":\"https:\/\/dive-greece.gr\/p\/padi-night-diver\/#primaryimage\"},\"image\":{\"@id\":\"https:\/\/dive-greece.gr\/p\/padi-night-diver\/#primaryimage\"},\"thumbnailUrl\":\"https:\/\/dive-greece.gr\/wp-content\/uploads\/night-diving-greece-torches.jpg\",\"datePublished\":\"2025-10-07T12:20:39+00:00\",\"dateModified\":\"2026-03-22T07:01:43+00:00\",\"breadcrumb\":{\"@id\":\"https:\/\/dive-greece.gr\/p\/padi-night-diver\/#breadcrumb\"},\"inLanguage\":\"fr-FR\",\"potentialAction\":[{\"@type\":\"ReadAction\",\"target\":[\"https:\/\/dive-greece.gr\/p\/padi-night-diver\/\"]}]},{\"@type\":\"ImageObject\",\"inLanguage\":\"fr-FR\",\"@id\":\"https:\/\/dive-greece.gr\/p\/padi-night-diver\/#primaryimage\",\"url\":\"https:\/\/dive-greece.gr\/wp-content\/uploads\/night-diving-greece-torches.jpg\",\"contentUrl\":\"https:\/\/dive-greece.gr\/wp-content\/uploads\/night-diving-greece-torches.jpg\",\"width\":1145,\"height\":1610,\"caption\":\"Night scuba diving with torches in the dark Aegean waters, Greece.\"},{\"@type\":\"BreadcrumbList\",\"@id\":\"https:\/\/dive-greece.gr\/p\/padi-night-diver\/#breadcrumb\",\"itemListElement\":[{\"@type\":\"ListItem\",\"position\":1,\"name\":\"Home\",\"item\":\"https:\/\/dive-greece.gr\/\"},{\"@type\":\"ListItem\",\"position\":2,\"name\":\"Shop\",\"item\":\"https:\/\/dive-greece.gr\/shop\/\"},{\"@type\":\"ListItem\",\"position\":3,\"name\":\"PADI Diving Courses\",\"item\":\"https:\/\/dive-greece.gr\/c\/padi-diving-courses\/\"},{\"@type\":\"ListItem\",\"position\":4,\"name\":\"Specialties\",\"item\":\"https:\/\/dive-greece.gr\/c\/padi-diving-courses\/specialties\/\"},{\"@type\":\"ListItem\",\"position\":5,\"name\":\"PADI Night Diver\"}]},{\"@type\":\"WebSite\",\"@id\":\"https:\/\/dive-greece.gr\/#website\",\"url\":\"https:\/\/dive-greece.gr\/\",\"name\":\"Dive Greece\",\"description\":\"\",\"publisher\":{\"@id\":\"https:\/\/dive-greece.gr\/#organization\"},\"potentialAction\":[{\"@type\":\"SearchAction\",\"target\":{\"@type\":\"EntryPoint\",\"urlTemplate\":\"https:\/\/dive-greece.gr\/?s={search_term_string}\"},\"query-input\":{\"@type\":\"PropertyValueSpecification\",\"valueRequired\":true,\"valueName\":\"search_term_string\"}}],\"inLanguage\":\"fr-FR\"},{\"@type\":\"Organization\",\"@id\":\"https:\/\/dive-greece.gr\/#organization\",\"name\":\"Dive Greece\",\"url\":\"https:\/\/dive-greece.gr\/\",\"logo\":{\"@type\":\"ImageObject\",\"inLanguage\":\"fr-FR\",\"@id\":\"https:\/\/dive-greece.gr\/#\/schema\/logo\/image\/\",\"url\":\"https:\/\/dive-greece.gr\/wp-content\/uploads\/logo-dive-greece.png\",\"contentUrl\":\"https:\/\/dive-greece.gr\/wp-content\/uploads\/logo-dive-greece.png\",\"width\":264,\"height\":136,\"caption\":\"Dive Greece\"},\"image\":{\"@id\":\"https:\/\/dive-greece.gr\/#\/schema\/logo\/image\/\"},\"sameAs\":[\"https:\/\/www.facebook.com\/divegreece16\/\"]}]}<\/script>\n<!-- \/ Yoast SEO plugin. -->","yoast_head_json":{"title":"PADI Night Diver &#8211; Dive Greece","robots":{"index":"index","follow":"follow","max-snippet":"max-snippet:-1","max-image-preview":"max-image-preview:large","max-video-preview":"max-video-preview:-1"},"canonical":"https:\/\/dive-greece.gr\/fr\/p\/padi-night-diver\/","og_locale":"fr_FR","og_type":"article","og_title":"PADI Night Diver &#8211; Dive Greece","og_description":"What&#8217;s the interest of scuba diving at night? It&#8217;s a question many divers ask. In fact, night diving adds a whole new aspect to you underwater adventures: &#8211; Explore Nocturnal Sea Life: Observe sea creatures (octopuses, moray eals&#8230;),that are rarely seen during the day. &#8211; Increased Detail: With only your torch lighting your surroundings, you [&hellip;]","og_url":"https:\/\/dive-greece.gr\/fr\/p\/padi-night-diver\/","og_site_name":"Dive Greece","article_publisher":"https:\/\/www.facebook.com\/divegreece16\/","article_modified_time":"2026-03-22T07:01:43+00:00","og_image":[{"url":"https:\/\/dive-greece.gr\/wp-content\/uploads\/night-diving-greece-torches.jpg","width":1145,"height":1610,"type":"image\/jpeg"}],"twitter_card":"summary_large_image","twitter_misc":{"Dur\u00e9e de lecture estim\u00e9e":"1 minute"},"schema":{"@context":"https:\/\/schema.org","@graph":[{"@type":"WebPage","@id":"https:\/\/dive-greece.gr\/p\/padi-night-diver\/","url":"https:\/\/dive-greece.gr\/p\/padi-night-diver\/","name":"PADI Night Diver &#8211; Dive Greece","isPartOf":{"@id":"https:\/\/dive-greece.gr\/#website"},"primaryImageOfPage":{"@id":"https:\/\/dive-greece.gr\/p\/padi-night-diver\/#primaryimage"},"image":{"@id":"https:\/\/dive-greece.gr\/p\/padi-night-diver\/#primaryimage"},"thumbnailUrl":"https:\/\/dive-greece.gr\/wp-content\/uploads\/night-diving-greece-torches.jpg","datePublished":"2025-10-07T12:20:39+00:00","dateModified":"2026-03-22T07:01:43+00:00","breadcrumb":{"@id":"https:\/\/dive-greece.gr\/p\/padi-night-diver\/#breadcrumb"},"inLanguage":"fr-FR","potentialAction":[{"@type":"ReadAction","target":["https:\/\/dive-greece.gr\/p\/padi-night-diver\/"]}]},{"@type":"ImageObject","inLanguage":"fr-FR","@id":"https:\/\/dive-greece.gr\/p\/padi-night-diver\/#primaryimage","url":"https:\/\/dive-greece.gr\/wp-content\/uploads\/night-diving-greece-torches.jpg","contentUrl":"https:\/\/dive-greece.gr\/wp-content\/uploads\/night-diving-greece-torches.jpg","width":1145,"height":1610,"caption":"Night scuba diving with torches in the dark Aegean waters, Greece."},{"@type":"BreadcrumbList","@id":"https:\/\/dive-greece.gr\/p\/padi-night-diver\/#breadcrumb","itemListElement":[{"@type":"ListItem","position":1,"name":"Home","item":"https:\/\/dive-greece.gr\/"},{"@type":"ListItem","position":2,"name":"Shop","item":"https:\/\/dive-greece.gr\/shop\/"},{"@type":"ListItem","position":3,"name":"PADI Diving Courses","item":"https:\/\/dive-greece.gr\/c\/padi-diving-courses\/"},{"@type":"ListItem","position":4,"name":"Specialties","item":"https:\/\/dive-greece.gr\/c\/padi-diving-courses\/specialties\/"},{"@type":"ListItem","position":5,"name":"PADI Night Diver"}]},{"@type":"WebSite","@id":"https:\/\/dive-greece.gr\/#website","url":"https:\/\/dive-greece.gr\/","name":"Dive Greece","description":"","publisher":{"@id":"https:\/\/dive-greece.gr\/#organization"},"potentialAction":[{"@type":"SearchAction","target":{"@type":"EntryPoint","urlTemplate":"https:\/\/dive-greece.gr\/?s={search_term_string}"},"query-input":{"@type":"PropertyValueSpecification","valueRequired":true,"valueName":"search_term_string"}}],"inLanguage":"fr-FR"},{"@type":"Organization","@id":"https:\/\/dive-greece.gr\/#organization","name":"Dive Greece","url":"https:\/\/dive-greece.gr\/","logo":{"@type":"ImageObject","inLanguage":"fr-FR","@id":"https:\/\/dive-greece.gr\/#\/schema\/logo\/image\/","url":"https:\/\/dive-greece.gr\/wp-content\/uploads\/logo-dive-greece.png","contentUrl":"https:\/\/dive-greece.gr\/wp-content\/uploads\/logo-dive-greece.png","width":264,"height":136,"caption":"Dive Greece"},"image":{"@id":"https:\/\/dive-greece.gr\/#\/schema\/logo\/image\/"},"sameAs":["https:\/\/www.facebook.com\/divegreece16\/"]}]}},"_links":{"self":[{"href":"https:\/\/dive-greece.gr\/fr\/wp-json\/wp\/v2\/product\/2201","targetHints":{"allow":["GET"]}}],"collection":[{"href":"https:\/\/dive-greece.gr\/fr\/wp-json\/wp\/v2\/product"}],"about":[{"href":"https:\/\/dive-greece.gr\/fr\/wp-json\/wp\/v2\/types\/product"}],"wp:featuredmedia":[{"embeddable":true,"href":"https:\/\/dive-greece.gr\/fr\/wp-json\/wp\/v2\/media\/2401"}],"wp:attachment":[{"href":"https:\/\/dive-greece.gr\/fr\/wp-json\/wp\/v2\/media?parent=2201"}],"wp:term":[{"taxonomy":"product_brand","embeddable":true,"href":"https:\/\/dive-greece.gr\/fr\/wp-json\/wp\/v2\/product_brand?post=2201"},{"taxonomy":"product_cat","embeddable":true,"href":"https:\/\/dive-greece.gr\/fr\/wp-json\/wp\/v2\/product_cat?post=2201"},{"taxonomy":"product_tag","embeddable":true,"href":"https:\/\/dive-greece.gr\/fr\/wp-json\/wp\/v2\/product_tag?post=2201"},{"taxonomy":"levels","embeddable":true,"href":"https:\/\/dive-greece.gr\/fr\/wp-json\/wp\/v2\/levels?post=2201"}],"curies":[{"name":"wp","href":"https:\/\/api.w.org\/{rel}","templated":true}]}}