{"id":2205,"date":"2025-10-07T09:55:01","date_gmt":"2025-10-07T06:55:01","guid":{"rendered":"https:\/\/dive-greece.3ds.gr\/?post_type=product&#038;p=2205"},"modified":"2026-01-14T16:21:43","modified_gmt":"2026-01-14T14:21:43","slug":"padi-emergency-oxygen-provider","status":"publish","type":"product","link":"https:\/\/dive-greece.gr\/fr\/p\/padi-emergency-oxygen-provider\/","title":{"rendered":"PADI Fournisseur d'Oxyg\u00e8ne d'Urgence"},"content":{"rendered":"<p>La formation aux premiers secours est comparable \u00e0 une assurance : on s\u2019y inscrit en esp\u00e9rant ne jamais avoir \u00e0 l\u2019utiliser. L\u2019administration d\u2019oxyg\u00e8ne m\u00e9dical est le geste de base en premi\u00e8re ligne en cas d\u2019accident de plong\u00e9e. Par cons\u00e9quent, une unit\u00e9 d\u2019oxyg\u00e8ne constitue un \u00e9l\u00e9ment essentiel de l\u2019\u00e9quipement de secours et une n\u00e9cessit\u00e9 pour les professionnels de la plong\u00e9e.<\/p>","protected":false},"excerpt":{"rendered":"<p>La formation aux premiers secours est comparable \u00e0 une assurance : on s\u2019y inscrit en esp\u00e9rant ne jamais avoir \u00e0 l\u2019utiliser. L\u2019administration d\u2019oxyg\u00e8ne m\u00e9dical est le geste de base en premi\u00e8re ligne en cas d\u2019accident de plong\u00e9e. Par cons\u00e9quent, une unit\u00e9 d\u2019oxyg\u00e8ne constitue un \u00e9l\u00e9ment essentiel de l\u2019\u00e9quipement de secours et une n\u00e9cessit\u00e9 pour les professionnels de la plong\u00e9e.<\/p>","protected":false},"featured_media":2376,"parent":0,"template":"","meta":[],"product_brand":[],"product_cat":[33,36],"product_tag":[],"levels":[38],"class_list":{"0":"post-2205","1":"product","2":"type-product","3":"status-publish","4":"has-post-thumbnail","6":"product_cat-padi-diving-courses","7":"product_cat-specialties","8":"levels-arxarios","10":"first","11":"instock","12":"shipping-taxable","13":"purchasable","14":"product-type-simple"},"yoast_head":"<!-- This site is optimized with the Yoast SEO plugin v26.2 - https:\/\/yoast.com\/wordpress\/plugins\/seo\/ -->\n<title>PADI Emergency Oxygen Provider &#8211; Dive Greece<\/title>\n<meta name=\"robots\" content=\"index, follow, max-snippet:-1, max-image-preview:large, max-video-preview:-1\" \/>\n<link rel=\"canonical\" href=\"https:\/\/dive-greece.gr\/fr\/p\/padi-emergency-oxygen-provider\/\" \/>\n<meta property=\"og:locale\" content=\"fr_FR\" \/>\n<meta property=\"og:type\" content=\"article\" \/>\n<meta property=\"og:title\" content=\"PADI Emergency Oxygen Provider &#8211; Dive Greece\" \/>\n<meta property=\"og:description\" content=\"First aid training is needed just like insurance &#8211; we enroll in it, hoping never to need it. Life-saving oxygen is the basic first aid in the event of a dive-related injury. Consequently, the oxygen unit is an essential piece of safety equipment and a mandatory requirement for professional dive operators.\" \/>\n<meta property=\"og:url\" content=\"https:\/\/dive-greece.gr\/fr\/p\/padi-emergency-oxygen-provider\/\" \/>\n<meta property=\"og:site_name\" content=\"Dive Greece\" \/>\n<meta property=\"article:publisher\" content=\"https:\/\/www.facebook.com\/divegreece16\/\" \/>\n<meta property=\"article:modified_time\" content=\"2026-01-14T14:21:43+00:00\" \/>\n<meta property=\"og:image\" content=\"https:\/\/dive-greece.gr\/wp-content\/uploads\/emergency-first-response-padi-course-dive-greece.jpg\" \/>\n\t<meta property=\"og:image:width\" content=\"2000\" \/>\n\t<meta property=\"og:image:height\" content=\"1125\" \/>\n\t<meta property=\"og:image:type\" content=\"image\/jpeg\" \/>\n<meta name=\"twitter:card\" content=\"summary_large_image\" \/>\n<meta name=\"twitter:label1\" content=\"Dur\u00e9e de lecture estim\u00e9e\" \/>\n\t<meta name=\"twitter:data1\" content=\"1 minute\" \/>\n<script type=\"application\/ld+json\" class=\"yoast-schema-graph\">{\"@context\":\"https:\/\/schema.org\",\"@graph\":[{\"@type\":\"WebPage\",\"@id\":\"https:\/\/dive-greece.gr\/p\/padi-emergency-oxygen-provider\/\",\"url\":\"https:\/\/dive-greece.gr\/p\/padi-emergency-oxygen-provider\/\",\"name\":\"PADI Emergency Oxygen Provider &#8211; Dive Greece\",\"isPartOf\":{\"@id\":\"https:\/\/dive-greece.gr\/#website\"},\"primaryImageOfPage\":{\"@id\":\"https:\/\/dive-greece.gr\/p\/padi-emergency-oxygen-provider\/#primaryimage\"},\"image\":{\"@id\":\"https:\/\/dive-greece.gr\/p\/padi-emergency-oxygen-provider\/#primaryimage\"},\"thumbnailUrl\":\"https:\/\/dive-greece.gr\/wp-content\/uploads\/emergency-first-response-padi-course-dive-greece.jpg\",\"datePublished\":\"2025-10-07T06:55:01+00:00\",\"dateModified\":\"2026-01-14T14:21:43+00:00\",\"breadcrumb\":{\"@id\":\"https:\/\/dive-greece.gr\/p\/padi-emergency-oxygen-provider\/#breadcrumb\"},\"inLanguage\":\"fr-FR\",\"potentialAction\":[{\"@type\":\"ReadAction\",\"target\":[\"https:\/\/dive-greece.gr\/p\/padi-emergency-oxygen-provider\/\"]}]},{\"@type\":\"ImageObject\",\"inLanguage\":\"fr-FR\",\"@id\":\"https:\/\/dive-greece.gr\/p\/padi-emergency-oxygen-provider\/#primaryimage\",\"url\":\"https:\/\/dive-greece.gr\/wp-content\/uploads\/emergency-first-response-padi-course-dive-greece.jpg\",\"contentUrl\":\"https:\/\/dive-greece.gr\/wp-content\/uploads\/emergency-first-response-padi-course-dive-greece.jpg\",\"width\":2000,\"height\":1125,\"caption\":\"Emergency First Response (EFR) PADI training with oxygen kit for scuba diving emergencies in Greece. Dive Greece course.\"},{\"@type\":\"BreadcrumbList\",\"@id\":\"https:\/\/dive-greece.gr\/p\/padi-emergency-oxygen-provider\/#breadcrumb\",\"itemListElement\":[{\"@type\":\"ListItem\",\"position\":1,\"name\":\"Home\",\"item\":\"https:\/\/dive-greece.gr\/\"},{\"@type\":\"ListItem\",\"position\":2,\"name\":\"Shop\",\"item\":\"https:\/\/dive-greece.gr\/shop\/\"},{\"@type\":\"ListItem\",\"position\":3,\"name\":\"PADI Diving Courses\",\"item\":\"https:\/\/dive-greece.gr\/c\/padi-diving-courses\/\"},{\"@type\":\"ListItem\",\"position\":4,\"name\":\"Specialties\",\"item\":\"https:\/\/dive-greece.gr\/c\/padi-diving-courses\/specialties\/\"},{\"@type\":\"ListItem\",\"position\":5,\"name\":\"PADI Emergency Oxygen Provider\"}]},{\"@type\":\"WebSite\",\"@id\":\"https:\/\/dive-greece.gr\/#website\",\"url\":\"https:\/\/dive-greece.gr\/\",\"name\":\"Dive Greece\",\"description\":\"\",\"publisher\":{\"@id\":\"https:\/\/dive-greece.gr\/#organization\"},\"potentialAction\":[{\"@type\":\"SearchAction\",\"target\":{\"@type\":\"EntryPoint\",\"urlTemplate\":\"https:\/\/dive-greece.gr\/?s={search_term_string}\"},\"query-input\":{\"@type\":\"PropertyValueSpecification\",\"valueRequired\":true,\"valueName\":\"search_term_string\"}}],\"inLanguage\":\"fr-FR\"},{\"@type\":\"Organization\",\"@id\":\"https:\/\/dive-greece.gr\/#organization\",\"name\":\"Dive Greece\",\"url\":\"https:\/\/dive-greece.gr\/\",\"logo\":{\"@type\":\"ImageObject\",\"inLanguage\":\"fr-FR\",\"@id\":\"https:\/\/dive-greece.gr\/#\/schema\/logo\/image\/\",\"url\":\"https:\/\/dive-greece.gr\/wp-content\/uploads\/logo-dive-greece.png\",\"contentUrl\":\"https:\/\/dive-greece.gr\/wp-content\/uploads\/logo-dive-greece.png\",\"width\":264,\"height\":136,\"caption\":\"Dive Greece\"},\"image\":{\"@id\":\"https:\/\/dive-greece.gr\/#\/schema\/logo\/image\/\"},\"sameAs\":[\"https:\/\/www.facebook.com\/divegreece16\/\"]}]}<\/script>\n<!-- \/ Yoast SEO plugin. -->","yoast_head_json":{"title":"PADI Emergency Oxygen Provider &#8211; Dive Greece","robots":{"index":"index","follow":"follow","max-snippet":"max-snippet:-1","max-image-preview":"max-image-preview:large","max-video-preview":"max-video-preview:-1"},"canonical":"https:\/\/dive-greece.gr\/fr\/p\/padi-emergency-oxygen-provider\/","og_locale":"fr_FR","og_type":"article","og_title":"PADI Emergency Oxygen Provider &#8211; Dive Greece","og_description":"First aid training is needed just like insurance &#8211; we enroll in it, hoping never to need it. Life-saving oxygen is the basic first aid in the event of a dive-related injury. Consequently, the oxygen unit is an essential piece of safety equipment and a mandatory requirement for professional dive operators.","og_url":"https:\/\/dive-greece.gr\/fr\/p\/padi-emergency-oxygen-provider\/","og_site_name":"Dive Greece","article_publisher":"https:\/\/www.facebook.com\/divegreece16\/","article_modified_time":"2026-01-14T14:21:43+00:00","og_image":[{"width":2000,"height":1125,"url":"https:\/\/dive-greece.gr\/wp-content\/uploads\/emergency-first-response-padi-course-dive-greece.jpg","type":"image\/jpeg"}],"twitter_card":"summary_large_image","twitter_misc":{"Dur\u00e9e de lecture estim\u00e9e":"1 minute"},"schema":{"@context":"https:\/\/schema.org","@graph":[{"@type":"WebPage","@id":"https:\/\/dive-greece.gr\/p\/padi-emergency-oxygen-provider\/","url":"https:\/\/dive-greece.gr\/p\/padi-emergency-oxygen-provider\/","name":"PADI Emergency Oxygen Provider &#8211; Dive Greece","isPartOf":{"@id":"https:\/\/dive-greece.gr\/#website"},"primaryImageOfPage":{"@id":"https:\/\/dive-greece.gr\/p\/padi-emergency-oxygen-provider\/#primaryimage"},"image":{"@id":"https:\/\/dive-greece.gr\/p\/padi-emergency-oxygen-provider\/#primaryimage"},"thumbnailUrl":"https:\/\/dive-greece.gr\/wp-content\/uploads\/emergency-first-response-padi-course-dive-greece.jpg","datePublished":"2025-10-07T06:55:01+00:00","dateModified":"2026-01-14T14:21:43+00:00","breadcrumb":{"@id":"https:\/\/dive-greece.gr\/p\/padi-emergency-oxygen-provider\/#breadcrumb"},"inLanguage":"fr-FR","potentialAction":[{"@type":"ReadAction","target":["https:\/\/dive-greece.gr\/p\/padi-emergency-oxygen-provider\/"]}]},{"@type":"ImageObject","inLanguage":"fr-FR","@id":"https:\/\/dive-greece.gr\/p\/padi-emergency-oxygen-provider\/#primaryimage","url":"https:\/\/dive-greece.gr\/wp-content\/uploads\/emergency-first-response-padi-course-dive-greece.jpg","contentUrl":"https:\/\/dive-greece.gr\/wp-content\/uploads\/emergency-first-response-padi-course-dive-greece.jpg","width":2000,"height":1125,"caption":"Emergency First Response (EFR) PADI training with oxygen kit for scuba diving emergencies in Greece. Dive Greece course."},{"@type":"BreadcrumbList","@id":"https:\/\/dive-greece.gr\/p\/padi-emergency-oxygen-provider\/#breadcrumb","itemListElement":[{"@type":"ListItem","position":1,"name":"Home","item":"https:\/\/dive-greece.gr\/"},{"@type":"ListItem","position":2,"name":"Shop","item":"https:\/\/dive-greece.gr\/shop\/"},{"@type":"ListItem","position":3,"name":"PADI Diving Courses","item":"https:\/\/dive-greece.gr\/c\/padi-diving-courses\/"},{"@type":"ListItem","position":4,"name":"Specialties","item":"https:\/\/dive-greece.gr\/c\/padi-diving-courses\/specialties\/"},{"@type":"ListItem","position":5,"name":"PADI Emergency Oxygen Provider"}]},{"@type":"WebSite","@id":"https:\/\/dive-greece.gr\/#website","url":"https:\/\/dive-greece.gr\/","name":"Dive Greece","description":"","publisher":{"@id":"https:\/\/dive-greece.gr\/#organization"},"potentialAction":[{"@type":"SearchAction","target":{"@type":"EntryPoint","urlTemplate":"https:\/\/dive-greece.gr\/?s={search_term_string}"},"query-input":{"@type":"PropertyValueSpecification","valueRequired":true,"valueName":"search_term_string"}}],"inLanguage":"fr-FR"},{"@type":"Organization","@id":"https:\/\/dive-greece.gr\/#organization","name":"Dive Greece","url":"https:\/\/dive-greece.gr\/","logo":{"@type":"ImageObject","inLanguage":"fr-FR","@id":"https:\/\/dive-greece.gr\/#\/schema\/logo\/image\/","url":"https:\/\/dive-greece.gr\/wp-content\/uploads\/logo-dive-greece.png","contentUrl":"https:\/\/dive-greece.gr\/wp-content\/uploads\/logo-dive-greece.png","width":264,"height":136,"caption":"Dive Greece"},"image":{"@id":"https:\/\/dive-greece.gr\/#\/schema\/logo\/image\/"},"sameAs":["https:\/\/www.facebook.com\/divegreece16\/"]}]}},"_links":{"self":[{"href":"https:\/\/dive-greece.gr\/fr\/wp-json\/wp\/v2\/product\/2205","targetHints":{"allow":["GET"]}}],"collection":[{"href":"https:\/\/dive-greece.gr\/fr\/wp-json\/wp\/v2\/product"}],"about":[{"href":"https:\/\/dive-greece.gr\/fr\/wp-json\/wp\/v2\/types\/product"}],"wp:featuredmedia":[{"embeddable":true,"href":"https:\/\/dive-greece.gr\/fr\/wp-json\/wp\/v2\/media\/2376"}],"wp:attachment":[{"href":"https:\/\/dive-greece.gr\/fr\/wp-json\/wp\/v2\/media?parent=2205"}],"wp:term":[{"taxonomy":"product_brand","embeddable":true,"href":"https:\/\/dive-greece.gr\/fr\/wp-json\/wp\/v2\/product_brand?post=2205"},{"taxonomy":"product_cat","embeddable":true,"href":"https:\/\/dive-greece.gr\/fr\/wp-json\/wp\/v2\/product_cat?post=2205"},{"taxonomy":"product_tag","embeddable":true,"href":"https:\/\/dive-greece.gr\/fr\/wp-json\/wp\/v2\/product_tag?post=2205"},{"taxonomy":"levels","embeddable":true,"href":"https:\/\/dive-greece.gr\/fr\/wp-json\/wp\/v2\/levels?post=2205"}],"curies":[{"name":"wp","href":"https:\/\/api.w.org\/{rel}","templated":true}]}}