{"id":2206,"date":"2025-10-05T10:06:18","date_gmt":"2025-10-05T07:06:18","guid":{"rendered":"https:\/\/dive-greece.3ds.gr\/?post_type=product&#038;p=2206"},"modified":"2026-01-14T16:18:32","modified_gmt":"2026-01-14T14:18:32","slug":"padi-enriched-air-diver","status":"publish","type":"product","link":"https:\/\/dive-greece.gr\/fr\/p\/padi-enriched-air-diver\/","title":{"rendered":"PADI Enriched Air Diver"},"content":{"rendered":"<p>Vous avez sans doute d\u00e9j\u00e0 entendu parler du Nitrox lors de vos aventures de plong\u00e9e. Le Nitrox, dont le nom provient de l\u2019anglais et de la combinaison de \u00ab Nitrogen \u00bb (azote) et \u00ab Oxygen \u00bb (oxyg\u00e8ne), est tout simplement de l\u2019air enrichi en oxyg\u00e8ne, avec un pourcentage sup\u00e9rieur aux 21 % pr\u00e9sents dans l\u2019air atmosph\u00e9rique.<\/p>","protected":false},"excerpt":{"rendered":"<p>Vous avez sans doute d\u00e9j\u00e0 entendu parler du Nitrox lors de vos aventures de plong\u00e9e. Le Nitrox, dont le nom provient de l\u2019anglais et de la combinaison de \u00ab Nitrogen \u00bb (azote) et \u00ab Oxygen \u00bb (oxyg\u00e8ne), est tout simplement de l\u2019air enrichi en oxyg\u00e8ne, avec un pourcentage sup\u00e9rieur aux 21 % pr\u00e9sents dans l\u2019air atmosph\u00e9rique.<\/p>","protected":false},"featured_media":2663,"parent":0,"template":"","meta":[],"product_brand":[],"product_cat":[33,36],"product_tag":[],"levels":[40],"class_list":{"0":"post-2206","1":"product","2":"type-product","3":"status-publish","4":"has-post-thumbnail","6":"product_cat-padi-diving-courses","7":"product_cat-specialties","8":"levels-pistopoihmenos","10":"first","11":"instock","12":"shipping-taxable","13":"purchasable","14":"product-type-simple"},"yoast_head":"<!-- This site is optimized with the Yoast SEO plugin v26.2 - https:\/\/yoast.com\/wordpress\/plugins\/seo\/ -->\n<title>PADI Enriched Air Diver &#8211; Dive Greece<\/title>\n<meta name=\"robots\" content=\"index, follow, max-snippet:-1, max-image-preview:large, max-video-preview:-1\" \/>\n<link rel=\"canonical\" href=\"https:\/\/dive-greece.gr\/fr\/p\/padi-enriched-air-diver\/\" \/>\n<meta property=\"og:locale\" content=\"fr_FR\" \/>\n<meta property=\"og:type\" content=\"article\" \/>\n<meta property=\"og:title\" content=\"PADI Enriched Air Diver &#8211; Dive Greece\" \/>\n<meta property=\"og:description\" content=\"You&#8217;ve probably heard about Nitrox in your diving journey. Nitrox, short for Nitrogen-Oxygen mix, is simply enriched air with a higher oxygen percentage than the standard 21% found in normal air.\" \/>\n<meta property=\"og:url\" content=\"https:\/\/dive-greece.gr\/fr\/p\/padi-enriched-air-diver\/\" \/>\n<meta property=\"og:site_name\" content=\"Dive Greece\" \/>\n<meta property=\"article:publisher\" content=\"https:\/\/www.facebook.com\/divegreece16\/\" \/>\n<meta property=\"article:modified_time\" content=\"2026-01-14T14:18:32+00:00\" \/>\n<meta property=\"og:image\" content=\"https:\/\/dive-greece.gr\/wp-content\/uploads\/Nitrox-Enriched-Air-Diver.jpg\" \/>\n\t<meta property=\"og:image:width\" content=\"1270\" \/>\n\t<meta property=\"og:image:height\" content=\"841\" \/>\n\t<meta property=\"og:image:type\" content=\"image\/jpeg\" \/>\n<meta name=\"twitter:card\" content=\"summary_large_image\" \/>\n<meta name=\"twitter:label1\" content=\"Dur\u00e9e de lecture estim\u00e9e\" \/>\n\t<meta name=\"twitter:data1\" content=\"1 minute\" \/>\n<script type=\"application\/ld+json\" class=\"yoast-schema-graph\">{\"@context\":\"https:\/\/schema.org\",\"@graph\":[{\"@type\":\"WebPage\",\"@id\":\"https:\/\/dive-greece.gr\/p\/padi-enriched-air-diver\/\",\"url\":\"https:\/\/dive-greece.gr\/p\/padi-enriched-air-diver\/\",\"name\":\"PADI Enriched Air Diver &#8211; Dive Greece\",\"isPartOf\":{\"@id\":\"https:\/\/dive-greece.gr\/#website\"},\"primaryImageOfPage\":{\"@id\":\"https:\/\/dive-greece.gr\/p\/padi-enriched-air-diver\/#primaryimage\"},\"image\":{\"@id\":\"https:\/\/dive-greece.gr\/p\/padi-enriched-air-diver\/#primaryimage\"},\"thumbnailUrl\":\"https:\/\/dive-greece.gr\/wp-content\/uploads\/Nitrox-Enriched-Air-Diver.jpg\",\"datePublished\":\"2025-10-05T07:06:18+00:00\",\"dateModified\":\"2026-01-14T14:18:32+00:00\",\"breadcrumb\":{\"@id\":\"https:\/\/dive-greece.gr\/p\/padi-enriched-air-diver\/#breadcrumb\"},\"inLanguage\":\"fr-FR\",\"potentialAction\":[{\"@type\":\"ReadAction\",\"target\":[\"https:\/\/dive-greece.gr\/p\/padi-enriched-air-diver\/\"]}]},{\"@type\":\"ImageObject\",\"inLanguage\":\"fr-FR\",\"@id\":\"https:\/\/dive-greece.gr\/p\/padi-enriched-air-diver\/#primaryimage\",\"url\":\"https:\/\/dive-greece.gr\/wp-content\/uploads\/Nitrox-Enriched-Air-Diver.jpg\",\"contentUrl\":\"https:\/\/dive-greece.gr\/wp-content\/uploads\/Nitrox-Enriched-Air-Diver.jpg\",\"width\":1270,\"height\":841},{\"@type\":\"BreadcrumbList\",\"@id\":\"https:\/\/dive-greece.gr\/p\/padi-enriched-air-diver\/#breadcrumb\",\"itemListElement\":[{\"@type\":\"ListItem\",\"position\":1,\"name\":\"Home\",\"item\":\"https:\/\/dive-greece.gr\/\"},{\"@type\":\"ListItem\",\"position\":2,\"name\":\"Shop\",\"item\":\"https:\/\/dive-greece.gr\/shop\/\"},{\"@type\":\"ListItem\",\"position\":3,\"name\":\"PADI Diving Courses\",\"item\":\"https:\/\/dive-greece.gr\/c\/padi-diving-courses\/\"},{\"@type\":\"ListItem\",\"position\":4,\"name\":\"Specialties\",\"item\":\"https:\/\/dive-greece.gr\/c\/padi-diving-courses\/specialties\/\"},{\"@type\":\"ListItem\",\"position\":5,\"name\":\"PADI Enriched Air Diver\"}]},{\"@type\":\"WebSite\",\"@id\":\"https:\/\/dive-greece.gr\/#website\",\"url\":\"https:\/\/dive-greece.gr\/\",\"name\":\"Dive Greece\",\"description\":\"\",\"publisher\":{\"@id\":\"https:\/\/dive-greece.gr\/#organization\"},\"potentialAction\":[{\"@type\":\"SearchAction\",\"target\":{\"@type\":\"EntryPoint\",\"urlTemplate\":\"https:\/\/dive-greece.gr\/?s={search_term_string}\"},\"query-input\":{\"@type\":\"PropertyValueSpecification\",\"valueRequired\":true,\"valueName\":\"search_term_string\"}}],\"inLanguage\":\"fr-FR\"},{\"@type\":\"Organization\",\"@id\":\"https:\/\/dive-greece.gr\/#organization\",\"name\":\"Dive Greece\",\"url\":\"https:\/\/dive-greece.gr\/\",\"logo\":{\"@type\":\"ImageObject\",\"inLanguage\":\"fr-FR\",\"@id\":\"https:\/\/dive-greece.gr\/#\/schema\/logo\/image\/\",\"url\":\"https:\/\/dive-greece.gr\/wp-content\/uploads\/logo-dive-greece.png\",\"contentUrl\":\"https:\/\/dive-greece.gr\/wp-content\/uploads\/logo-dive-greece.png\",\"width\":264,\"height\":136,\"caption\":\"Dive Greece\"},\"image\":{\"@id\":\"https:\/\/dive-greece.gr\/#\/schema\/logo\/image\/\"},\"sameAs\":[\"https:\/\/www.facebook.com\/divegreece16\/\"]}]}<\/script>\n<!-- \/ Yoast SEO plugin. -->","yoast_head_json":{"title":"PADI Enriched Air Diver &#8211; Dive Greece","robots":{"index":"index","follow":"follow","max-snippet":"max-snippet:-1","max-image-preview":"max-image-preview:large","max-video-preview":"max-video-preview:-1"},"canonical":"https:\/\/dive-greece.gr\/fr\/p\/padi-enriched-air-diver\/","og_locale":"fr_FR","og_type":"article","og_title":"PADI Enriched Air Diver &#8211; Dive Greece","og_description":"You&#8217;ve probably heard about Nitrox in your diving journey. Nitrox, short for Nitrogen-Oxygen mix, is simply enriched air with a higher oxygen percentage than the standard 21% found in normal air.","og_url":"https:\/\/dive-greece.gr\/fr\/p\/padi-enriched-air-diver\/","og_site_name":"Dive Greece","article_publisher":"https:\/\/www.facebook.com\/divegreece16\/","article_modified_time":"2026-01-14T14:18:32+00:00","og_image":[{"width":1270,"height":841,"url":"https:\/\/dive-greece.gr\/wp-content\/uploads\/Nitrox-Enriched-Air-Diver.jpg","type":"image\/jpeg"}],"twitter_card":"summary_large_image","twitter_misc":{"Dur\u00e9e de lecture estim\u00e9e":"1 minute"},"schema":{"@context":"https:\/\/schema.org","@graph":[{"@type":"WebPage","@id":"https:\/\/dive-greece.gr\/p\/padi-enriched-air-diver\/","url":"https:\/\/dive-greece.gr\/p\/padi-enriched-air-diver\/","name":"PADI Enriched Air Diver &#8211; Dive Greece","isPartOf":{"@id":"https:\/\/dive-greece.gr\/#website"},"primaryImageOfPage":{"@id":"https:\/\/dive-greece.gr\/p\/padi-enriched-air-diver\/#primaryimage"},"image":{"@id":"https:\/\/dive-greece.gr\/p\/padi-enriched-air-diver\/#primaryimage"},"thumbnailUrl":"https:\/\/dive-greece.gr\/wp-content\/uploads\/Nitrox-Enriched-Air-Diver.jpg","datePublished":"2025-10-05T07:06:18+00:00","dateModified":"2026-01-14T14:18:32+00:00","breadcrumb":{"@id":"https:\/\/dive-greece.gr\/p\/padi-enriched-air-diver\/#breadcrumb"},"inLanguage":"fr-FR","potentialAction":[{"@type":"ReadAction","target":["https:\/\/dive-greece.gr\/p\/padi-enriched-air-diver\/"]}]},{"@type":"ImageObject","inLanguage":"fr-FR","@id":"https:\/\/dive-greece.gr\/p\/padi-enriched-air-diver\/#primaryimage","url":"https:\/\/dive-greece.gr\/wp-content\/uploads\/Nitrox-Enriched-Air-Diver.jpg","contentUrl":"https:\/\/dive-greece.gr\/wp-content\/uploads\/Nitrox-Enriched-Air-Diver.jpg","width":1270,"height":841},{"@type":"BreadcrumbList","@id":"https:\/\/dive-greece.gr\/p\/padi-enriched-air-diver\/#breadcrumb","itemListElement":[{"@type":"ListItem","position":1,"name":"Home","item":"https:\/\/dive-greece.gr\/"},{"@type":"ListItem","position":2,"name":"Shop","item":"https:\/\/dive-greece.gr\/shop\/"},{"@type":"ListItem","position":3,"name":"PADI Diving Courses","item":"https:\/\/dive-greece.gr\/c\/padi-diving-courses\/"},{"@type":"ListItem","position":4,"name":"Specialties","item":"https:\/\/dive-greece.gr\/c\/padi-diving-courses\/specialties\/"},{"@type":"ListItem","position":5,"name":"PADI Enriched Air Diver"}]},{"@type":"WebSite","@id":"https:\/\/dive-greece.gr\/#website","url":"https:\/\/dive-greece.gr\/","name":"Dive Greece","description":"","publisher":{"@id":"https:\/\/dive-greece.gr\/#organization"},"potentialAction":[{"@type":"SearchAction","target":{"@type":"EntryPoint","urlTemplate":"https:\/\/dive-greece.gr\/?s={search_term_string}"},"query-input":{"@type":"PropertyValueSpecification","valueRequired":true,"valueName":"search_term_string"}}],"inLanguage":"fr-FR"},{"@type":"Organization","@id":"https:\/\/dive-greece.gr\/#organization","name":"Dive Greece","url":"https:\/\/dive-greece.gr\/","logo":{"@type":"ImageObject","inLanguage":"fr-FR","@id":"https:\/\/dive-greece.gr\/#\/schema\/logo\/image\/","url":"https:\/\/dive-greece.gr\/wp-content\/uploads\/logo-dive-greece.png","contentUrl":"https:\/\/dive-greece.gr\/wp-content\/uploads\/logo-dive-greece.png","width":264,"height":136,"caption":"Dive Greece"},"image":{"@id":"https:\/\/dive-greece.gr\/#\/schema\/logo\/image\/"},"sameAs":["https:\/\/www.facebook.com\/divegreece16\/"]}]}},"_links":{"self":[{"href":"https:\/\/dive-greece.gr\/fr\/wp-json\/wp\/v2\/product\/2206","targetHints":{"allow":["GET"]}}],"collection":[{"href":"https:\/\/dive-greece.gr\/fr\/wp-json\/wp\/v2\/product"}],"about":[{"href":"https:\/\/dive-greece.gr\/fr\/wp-json\/wp\/v2\/types\/product"}],"wp:featuredmedia":[{"embeddable":true,"href":"https:\/\/dive-greece.gr\/fr\/wp-json\/wp\/v2\/media\/2663"}],"wp:attachment":[{"href":"https:\/\/dive-greece.gr\/fr\/wp-json\/wp\/v2\/media?parent=2206"}],"wp:term":[{"taxonomy":"product_brand","embeddable":true,"href":"https:\/\/dive-greece.gr\/fr\/wp-json\/wp\/v2\/product_brand?post=2206"},{"taxonomy":"product_cat","embeddable":true,"href":"https:\/\/dive-greece.gr\/fr\/wp-json\/wp\/v2\/product_cat?post=2206"},{"taxonomy":"product_tag","embeddable":true,"href":"https:\/\/dive-greece.gr\/fr\/wp-json\/wp\/v2\/product_tag?post=2206"},{"taxonomy":"levels","embeddable":true,"href":"https:\/\/dive-greece.gr\/fr\/wp-json\/wp\/v2\/levels?post=2206"}],"curies":[{"name":"wp","href":"https:\/\/api.w.org\/{rel}","templated":true}]}}