{"id":2207,"date":"2025-10-07T10:23:51","date_gmt":"2025-10-07T07:23:51","guid":{"rendered":"https:\/\/dive-greece.3ds.gr\/?post_type=product&#038;p=2207"},"modified":"2026-01-12T22:27:33","modified_gmt":"2026-01-12T20:27:33","slug":"padi-peak-performance-buoyancy","status":"publish","type":"product","link":"https:\/\/dive-greece.gr\/fr\/p\/padi-peak-performance-buoyancy\/","title":{"rendered":"PADI Peak Performance Buoyancy"},"content":{"rendered":"<p>La ma\u00eetrise de la flottabilit\u00e9 est sans doute la comp\u00e9tence qui diff\u00e9rencie un bon plongeur des autres \u2014 et vous \u00eates sur la bonne voie pour en devenir un(e) !\n\nPendant la sp\u00e9cialit\u00e9 PADI Flottabilit\u00e9 Optimale, vous apprendrez \u00e0 maintenir une flottabilit\u00e9 neutre, \u00e0 flotter sans effort, \u00e0 r\u00e9duire votre consommation d\u2019air, \u00e0 observer la vie marine plus facilement et de mani\u00e8re responsable, et \u00e0 prolonger la dur\u00e9e de vos plong\u00e9es.<\/p>\n<p>Vous avez d\u00e9j\u00e0 acquis les fondamentaux de la ma\u00eetrise de la flottabilit\u00e9 lors de vos formations pr\u00e9c\u00e9dentes \u2014 il est maintenant temps d\u2019exceller !<\/p>","protected":false},"excerpt":{"rendered":"<p>Buoyancy control is undoubtedly the skill that sets a great diver apart from the rest\u2014and you\u2019re on track to become one of the greats! During the PADI Peak Performance Buoyancy Specialty course, you\u2019ll learn how to maintain neutral buoyancy, hover effortlessly, use less air, observe marine life more easily and respectfully, and stay underwater longer. [&hellip;]<\/p>","protected":false},"featured_media":2400,"parent":0,"template":"","meta":[],"product_brand":[],"product_cat":[33,36],"product_tag":[],"levels":[40],"class_list":{"0":"post-2207","1":"product","2":"type-product","3":"status-publish","4":"has-post-thumbnail","6":"product_cat-padi-diving-courses","7":"product_cat-specialties","8":"levels-pistopoihmenos","10":"first","11":"instock","12":"shipping-taxable","13":"purchasable","14":"product-type-simple"},"yoast_head":"<!-- This site is optimized with the Yoast SEO plugin v26.2 - https:\/\/yoast.com\/wordpress\/plugins\/seo\/ -->\n<title>PADI Peak Performance Buoyancy &#8211; Dive Greece<\/title>\n<meta name=\"robots\" content=\"index, follow, max-snippet:-1, max-image-preview:large, max-video-preview:-1\" \/>\n<link rel=\"canonical\" href=\"https:\/\/dive-greece.gr\/fr\/p\/padi-peak-performance-buoyancy\/\" \/>\n<meta property=\"og:locale\" content=\"fr_FR\" \/>\n<meta property=\"og:type\" content=\"article\" \/>\n<meta property=\"og:title\" content=\"PADI Peak Performance Buoyancy &#8211; Dive Greece\" \/>\n<meta property=\"og:description\" content=\"Buoyancy control is undoubtedly the skill that sets a great diver apart from the rest\u2014and you\u2019re on track to become one of the greats! During the PADI Peak Performance Buoyancy Specialty course, you\u2019ll learn how to maintain neutral buoyancy, hover effortlessly, use less air, observe marine life more easily and respectfully, and stay underwater longer. [&hellip;]\" \/>\n<meta property=\"og:url\" content=\"https:\/\/dive-greece.gr\/fr\/p\/padi-peak-performance-buoyancy\/\" \/>\n<meta property=\"og:site_name\" content=\"Dive Greece\" \/>\n<meta property=\"article:publisher\" content=\"https:\/\/www.facebook.com\/divegreece16\/\" \/>\n<meta property=\"article:modified_time\" content=\"2026-01-12T20:27:33+00:00\" \/>\n<meta property=\"og:image\" content=\"https:\/\/dive-greece.gr\/wp-content\/uploads\/reef-wall-scuba-diving-greece.jpg\" \/>\n\t<meta property=\"og:image:width\" content=\"1140\" \/>\n\t<meta property=\"og:image:height\" content=\"1610\" \/>\n\t<meta property=\"og:image:type\" content=\"image\/jpeg\" \/>\n<meta name=\"twitter:card\" content=\"summary_large_image\" \/>\n<meta name=\"twitter:label1\" content=\"Dur\u00e9e de lecture estim\u00e9e\" \/>\n\t<meta name=\"twitter:data1\" content=\"1 minute\" \/>\n<script type=\"application\/ld+json\" class=\"yoast-schema-graph\">{\"@context\":\"https:\/\/schema.org\",\"@graph\":[{\"@type\":\"WebPage\",\"@id\":\"https:\/\/dive-greece.gr\/p\/padi-peak-performance-buoyancy\/\",\"url\":\"https:\/\/dive-greece.gr\/p\/padi-peak-performance-buoyancy\/\",\"name\":\"PADI Peak Performance Buoyancy &#8211; Dive Greece\",\"isPartOf\":{\"@id\":\"https:\/\/dive-greece.gr\/#website\"},\"primaryImageOfPage\":{\"@id\":\"https:\/\/dive-greece.gr\/p\/padi-peak-performance-buoyancy\/#primaryimage\"},\"image\":{\"@id\":\"https:\/\/dive-greece.gr\/p\/padi-peak-performance-buoyancy\/#primaryimage\"},\"thumbnailUrl\":\"https:\/\/dive-greece.gr\/wp-content\/uploads\/reef-wall-scuba-diving-greece.jpg\",\"datePublished\":\"2025-10-07T07:23:51+00:00\",\"dateModified\":\"2026-01-12T20:27:33+00:00\",\"breadcrumb\":{\"@id\":\"https:\/\/dive-greece.gr\/p\/padi-peak-performance-buoyancy\/#breadcrumb\"},\"inLanguage\":\"fr-FR\",\"potentialAction\":[{\"@type\":\"ReadAction\",\"target\":[\"https:\/\/dive-greece.gr\/p\/padi-peak-performance-buoyancy\/\"]}]},{\"@type\":\"ImageObject\",\"inLanguage\":\"fr-FR\",\"@id\":\"https:\/\/dive-greece.gr\/p\/padi-peak-performance-buoyancy\/#primaryimage\",\"url\":\"https:\/\/dive-greece.gr\/wp-content\/uploads\/reef-wall-scuba-diving-greece.jpg\",\"contentUrl\":\"https:\/\/dive-greece.gr\/wp-content\/uploads\/reef-wall-scuba-diving-greece.jpg\",\"width\":1140,\"height\":1610,\"caption\":\"Two scuba divers explore a reef wall in deep blue waters of Greece.\"},{\"@type\":\"BreadcrumbList\",\"@id\":\"https:\/\/dive-greece.gr\/p\/padi-peak-performance-buoyancy\/#breadcrumb\",\"itemListElement\":[{\"@type\":\"ListItem\",\"position\":1,\"name\":\"Home\",\"item\":\"https:\/\/dive-greece.gr\/\"},{\"@type\":\"ListItem\",\"position\":2,\"name\":\"Shop\",\"item\":\"https:\/\/dive-greece.gr\/shop\/\"},{\"@type\":\"ListItem\",\"position\":3,\"name\":\"PADI Diving Courses\",\"item\":\"https:\/\/dive-greece.gr\/c\/padi-diving-courses\/\"},{\"@type\":\"ListItem\",\"position\":4,\"name\":\"PADI Peak Performance Buoyancy\"}]},{\"@type\":\"WebSite\",\"@id\":\"https:\/\/dive-greece.gr\/#website\",\"url\":\"https:\/\/dive-greece.gr\/\",\"name\":\"Dive Greece\",\"description\":\"\",\"publisher\":{\"@id\":\"https:\/\/dive-greece.gr\/#organization\"},\"potentialAction\":[{\"@type\":\"SearchAction\",\"target\":{\"@type\":\"EntryPoint\",\"urlTemplate\":\"https:\/\/dive-greece.gr\/?s={search_term_string}\"},\"query-input\":{\"@type\":\"PropertyValueSpecification\",\"valueRequired\":true,\"valueName\":\"search_term_string\"}}],\"inLanguage\":\"fr-FR\"},{\"@type\":\"Organization\",\"@id\":\"https:\/\/dive-greece.gr\/#organization\",\"name\":\"Dive Greece\",\"url\":\"https:\/\/dive-greece.gr\/\",\"logo\":{\"@type\":\"ImageObject\",\"inLanguage\":\"fr-FR\",\"@id\":\"https:\/\/dive-greece.gr\/#\/schema\/logo\/image\/\",\"url\":\"https:\/\/dive-greece.gr\/wp-content\/uploads\/logo-dive-greece.png\",\"contentUrl\":\"https:\/\/dive-greece.gr\/wp-content\/uploads\/logo-dive-greece.png\",\"width\":264,\"height\":136,\"caption\":\"Dive Greece\"},\"image\":{\"@id\":\"https:\/\/dive-greece.gr\/#\/schema\/logo\/image\/\"},\"sameAs\":[\"https:\/\/www.facebook.com\/divegreece16\/\"]}]}<\/script>\n<!-- \/ Yoast SEO plugin. -->","yoast_head_json":{"title":"PADI Peak Performance Buoyancy &#8211; Dive Greece","robots":{"index":"index","follow":"follow","max-snippet":"max-snippet:-1","max-image-preview":"max-image-preview:large","max-video-preview":"max-video-preview:-1"},"canonical":"https:\/\/dive-greece.gr\/fr\/p\/padi-peak-performance-buoyancy\/","og_locale":"fr_FR","og_type":"article","og_title":"PADI Peak Performance Buoyancy &#8211; Dive Greece","og_description":"Buoyancy control is undoubtedly the skill that sets a great diver apart from the rest\u2014and you\u2019re on track to become one of the greats! During the PADI Peak Performance Buoyancy Specialty course, you\u2019ll learn how to maintain neutral buoyancy, hover effortlessly, use less air, observe marine life more easily and respectfully, and stay underwater longer. [&hellip;]","og_url":"https:\/\/dive-greece.gr\/fr\/p\/padi-peak-performance-buoyancy\/","og_site_name":"Dive Greece","article_publisher":"https:\/\/www.facebook.com\/divegreece16\/","article_modified_time":"2026-01-12T20:27:33+00:00","og_image":[{"url":"https:\/\/dive-greece.gr\/wp-content\/uploads\/reef-wall-scuba-diving-greece.jpg","width":1140,"height":1610,"type":"image\/jpeg"}],"twitter_card":"summary_large_image","twitter_misc":{"Dur\u00e9e de lecture estim\u00e9e":"1 minute"},"schema":{"@context":"https:\/\/schema.org","@graph":[{"@type":"WebPage","@id":"https:\/\/dive-greece.gr\/p\/padi-peak-performance-buoyancy\/","url":"https:\/\/dive-greece.gr\/p\/padi-peak-performance-buoyancy\/","name":"PADI Peak Performance Buoyancy &#8211; Dive Greece","isPartOf":{"@id":"https:\/\/dive-greece.gr\/#website"},"primaryImageOfPage":{"@id":"https:\/\/dive-greece.gr\/p\/padi-peak-performance-buoyancy\/#primaryimage"},"image":{"@id":"https:\/\/dive-greece.gr\/p\/padi-peak-performance-buoyancy\/#primaryimage"},"thumbnailUrl":"https:\/\/dive-greece.gr\/wp-content\/uploads\/reef-wall-scuba-diving-greece.jpg","datePublished":"2025-10-07T07:23:51+00:00","dateModified":"2026-01-12T20:27:33+00:00","breadcrumb":{"@id":"https:\/\/dive-greece.gr\/p\/padi-peak-performance-buoyancy\/#breadcrumb"},"inLanguage":"fr-FR","potentialAction":[{"@type":"ReadAction","target":["https:\/\/dive-greece.gr\/p\/padi-peak-performance-buoyancy\/"]}]},{"@type":"ImageObject","inLanguage":"fr-FR","@id":"https:\/\/dive-greece.gr\/p\/padi-peak-performance-buoyancy\/#primaryimage","url":"https:\/\/dive-greece.gr\/wp-content\/uploads\/reef-wall-scuba-diving-greece.jpg","contentUrl":"https:\/\/dive-greece.gr\/wp-content\/uploads\/reef-wall-scuba-diving-greece.jpg","width":1140,"height":1610,"caption":"Two scuba divers explore a reef wall in deep blue waters of Greece."},{"@type":"BreadcrumbList","@id":"https:\/\/dive-greece.gr\/p\/padi-peak-performance-buoyancy\/#breadcrumb","itemListElement":[{"@type":"ListItem","position":1,"name":"Home","item":"https:\/\/dive-greece.gr\/"},{"@type":"ListItem","position":2,"name":"Shop","item":"https:\/\/dive-greece.gr\/shop\/"},{"@type":"ListItem","position":3,"name":"PADI Diving Courses","item":"https:\/\/dive-greece.gr\/c\/padi-diving-courses\/"},{"@type":"ListItem","position":4,"name":"PADI Peak Performance Buoyancy"}]},{"@type":"WebSite","@id":"https:\/\/dive-greece.gr\/#website","url":"https:\/\/dive-greece.gr\/","name":"Dive Greece","description":"","publisher":{"@id":"https:\/\/dive-greece.gr\/#organization"},"potentialAction":[{"@type":"SearchAction","target":{"@type":"EntryPoint","urlTemplate":"https:\/\/dive-greece.gr\/?s={search_term_string}"},"query-input":{"@type":"PropertyValueSpecification","valueRequired":true,"valueName":"search_term_string"}}],"inLanguage":"fr-FR"},{"@type":"Organization","@id":"https:\/\/dive-greece.gr\/#organization","name":"Dive Greece","url":"https:\/\/dive-greece.gr\/","logo":{"@type":"ImageObject","inLanguage":"fr-FR","@id":"https:\/\/dive-greece.gr\/#\/schema\/logo\/image\/","url":"https:\/\/dive-greece.gr\/wp-content\/uploads\/logo-dive-greece.png","contentUrl":"https:\/\/dive-greece.gr\/wp-content\/uploads\/logo-dive-greece.png","width":264,"height":136,"caption":"Dive Greece"},"image":{"@id":"https:\/\/dive-greece.gr\/#\/schema\/logo\/image\/"},"sameAs":["https:\/\/www.facebook.com\/divegreece16\/"]}]}},"_links":{"self":[{"href":"https:\/\/dive-greece.gr\/fr\/wp-json\/wp\/v2\/product\/2207","targetHints":{"allow":["GET"]}}],"collection":[{"href":"https:\/\/dive-greece.gr\/fr\/wp-json\/wp\/v2\/product"}],"about":[{"href":"https:\/\/dive-greece.gr\/fr\/wp-json\/wp\/v2\/types\/product"}],"wp:featuredmedia":[{"embeddable":true,"href":"https:\/\/dive-greece.gr\/fr\/wp-json\/wp\/v2\/media\/2400"}],"wp:attachment":[{"href":"https:\/\/dive-greece.gr\/fr\/wp-json\/wp\/v2\/media?parent=2207"}],"wp:term":[{"taxonomy":"product_brand","embeddable":true,"href":"https:\/\/dive-greece.gr\/fr\/wp-json\/wp\/v2\/product_brand?post=2207"},{"taxonomy":"product_cat","embeddable":true,"href":"https:\/\/dive-greece.gr\/fr\/wp-json\/wp\/v2\/product_cat?post=2207"},{"taxonomy":"product_tag","embeddable":true,"href":"https:\/\/dive-greece.gr\/fr\/wp-json\/wp\/v2\/product_tag?post=2207"},{"taxonomy":"levels","embeddable":true,"href":"https:\/\/dive-greece.gr\/fr\/wp-json\/wp\/v2\/levels?post=2207"}],"curies":[{"name":"wp","href":"https:\/\/api.w.org\/{rel}","templated":true}]}}