{"id":2211,"date":"2025-11-07T11:02:38","date_gmt":"2025-11-07T09:02:38","guid":{"rendered":"https:\/\/dive-greece.3ds.gr\/?post_type=product&#038;p=2211"},"modified":"2025-12-31T08:19:00","modified_gmt":"2025-12-31T06:19:00","slug":"padi-scuba-diver","status":"publish","type":"product","link":"https:\/\/dive-greece.gr\/fr\/p\/padi-scuba-diver\/","title":{"rendered":"Scuba Diver PADI"},"content":{"rendered":"<p>Vous aimez la plong\u00e9e bouteille mais vous manquez de temps ? Ou pr\u00e9f\u00e9rez-vous plonger avec un guide, une ou deux fois par an pendant vos vacances ? Si oui, vous \u00eates au bon endroit !<\/p>","protected":false},"excerpt":{"rendered":"<p>Vous aimez la plong\u00e9e bouteille mais vous manquez de temps ? Ou pr\u00e9f\u00e9rez-vous plonger avec un guide, une ou deux fois par an pendant vos vacances ? Si oui, vous \u00eates au bon endroit !<\/p>","protected":false},"featured_media":2405,"parent":0,"template":"","meta":[],"product_brand":[],"product_cat":[34,33],"product_tag":[],"levels":[38],"class_list":{"0":"post-2211","1":"product","2":"type-product","3":"status-publish","4":"has-post-thumbnail","6":"product_cat-entry-level-certifications","7":"product_cat-padi-diving-courses","8":"levels-arxarios","10":"first","11":"instock","12":"shipping-taxable","13":"purchasable","14":"product-type-simple"},"yoast_head":"<!-- This site is optimized with the Yoast SEO plugin v26.2 - https:\/\/yoast.com\/wordpress\/plugins\/seo\/ -->\n<title>PADI Scuba Diver &#8211; Dive Greece<\/title>\n<meta name=\"robots\" content=\"index, follow, max-snippet:-1, max-image-preview:large, max-video-preview:-1\" \/>\n<link rel=\"canonical\" href=\"https:\/\/dive-greece.gr\/fr\/p\/padi-scuba-diver\/\" \/>\n<meta property=\"og:locale\" content=\"fr_FR\" \/>\n<meta property=\"og:type\" content=\"article\" \/>\n<meta property=\"og:title\" content=\"PADI Scuba Diver &#8211; Dive Greece\" \/>\n<meta property=\"og:description\" content=\"Love scuba diving but short of time? Or do you prefer diving with a guide, once or twice a year during your holidays? If so, you are in the right place!\" \/>\n<meta property=\"og:url\" content=\"https:\/\/dive-greece.gr\/fr\/p\/padi-scuba-diver\/\" \/>\n<meta property=\"og:site_name\" content=\"Dive Greece\" \/>\n<meta property=\"article:publisher\" content=\"https:\/\/www.facebook.com\/divegreece16\/\" \/>\n<meta property=\"article:modified_time\" content=\"2025-12-31T06:19:00+00:00\" \/>\n<meta property=\"og:image\" content=\"https:\/\/dive-greece.gr\/wp-content\/uploads\/scuba-diver-filming-underwater.jpg\" \/>\n\t<meta property=\"og:image:width\" content=\"1920\" \/>\n\t<meta property=\"og:image:height\" content=\"1080\" \/>\n\t<meta property=\"og:image:type\" content=\"image\/jpeg\" \/>\n<meta name=\"twitter:card\" content=\"summary_large_image\" \/>\n<meta name=\"twitter:label1\" content=\"Dur\u00e9e de lecture estim\u00e9e\" \/>\n\t<meta name=\"twitter:data1\" content=\"1 minute\" \/>\n<script type=\"application\/ld+json\" class=\"yoast-schema-graph\">{\"@context\":\"https:\/\/schema.org\",\"@graph\":[{\"@type\":\"WebPage\",\"@id\":\"https:\/\/dive-greece.gr\/p\/padi-scuba-diver\/\",\"url\":\"https:\/\/dive-greece.gr\/p\/padi-scuba-diver\/\",\"name\":\"PADI Scuba Diver &#8211; Dive Greece\",\"isPartOf\":{\"@id\":\"https:\/\/dive-greece.gr\/#website\"},\"primaryImageOfPage\":{\"@id\":\"https:\/\/dive-greece.gr\/p\/padi-scuba-diver\/#primaryimage\"},\"image\":{\"@id\":\"https:\/\/dive-greece.gr\/p\/padi-scuba-diver\/#primaryimage\"},\"thumbnailUrl\":\"https:\/\/dive-greece.gr\/wp-content\/uploads\/scuba-diver-filming-underwater.jpg\",\"datePublished\":\"2025-11-07T09:02:38+00:00\",\"dateModified\":\"2025-12-31T06:19:00+00:00\",\"breadcrumb\":{\"@id\":\"https:\/\/dive-greece.gr\/p\/padi-scuba-diver\/#breadcrumb\"},\"inLanguage\":\"fr-FR\",\"potentialAction\":[{\"@type\":\"ReadAction\",\"target\":[\"https:\/\/dive-greece.gr\/p\/padi-scuba-diver\/\"]}]},{\"@type\":\"ImageObject\",\"inLanguage\":\"fr-FR\",\"@id\":\"https:\/\/dive-greece.gr\/p\/padi-scuba-diver\/#primaryimage\",\"url\":\"https:\/\/dive-greece.gr\/wp-content\/uploads\/scuba-diver-filming-underwater.jpg\",\"contentUrl\":\"https:\/\/dive-greece.gr\/wp-content\/uploads\/scuba-diver-filming-underwater.jpg\",\"width\":1920,\"height\":1080,\"caption\":\"Scuba diver with yellow fins filming underwater landscape with action camera.\"},{\"@type\":\"BreadcrumbList\",\"@id\":\"https:\/\/dive-greece.gr\/p\/padi-scuba-diver\/#breadcrumb\",\"itemListElement\":[{\"@type\":\"ListItem\",\"position\":1,\"name\":\"Home\",\"item\":\"https:\/\/dive-greece.gr\/\"},{\"@type\":\"ListItem\",\"position\":2,\"name\":\"Shop\",\"item\":\"https:\/\/dive-greece.gr\/shop\/\"},{\"@type\":\"ListItem\",\"position\":3,\"name\":\"PADI Diving Courses\",\"item\":\"https:\/\/dive-greece.gr\/c\/padi-diving-courses\/\"},{\"@type\":\"ListItem\",\"position\":4,\"name\":\"PADI Scuba Diver\"}]},{\"@type\":\"WebSite\",\"@id\":\"https:\/\/dive-greece.gr\/#website\",\"url\":\"https:\/\/dive-greece.gr\/\",\"name\":\"Dive Greece\",\"description\":\"\",\"publisher\":{\"@id\":\"https:\/\/dive-greece.gr\/#organization\"},\"potentialAction\":[{\"@type\":\"SearchAction\",\"target\":{\"@type\":\"EntryPoint\",\"urlTemplate\":\"https:\/\/dive-greece.gr\/?s={search_term_string}\"},\"query-input\":{\"@type\":\"PropertyValueSpecification\",\"valueRequired\":true,\"valueName\":\"search_term_string\"}}],\"inLanguage\":\"fr-FR\"},{\"@type\":\"Organization\",\"@id\":\"https:\/\/dive-greece.gr\/#organization\",\"name\":\"Dive Greece\",\"url\":\"https:\/\/dive-greece.gr\/\",\"logo\":{\"@type\":\"ImageObject\",\"inLanguage\":\"fr-FR\",\"@id\":\"https:\/\/dive-greece.gr\/#\/schema\/logo\/image\/\",\"url\":\"https:\/\/dive-greece.gr\/wp-content\/uploads\/logo-dive-greece.png\",\"contentUrl\":\"https:\/\/dive-greece.gr\/wp-content\/uploads\/logo-dive-greece.png\",\"width\":264,\"height\":136,\"caption\":\"Dive Greece\"},\"image\":{\"@id\":\"https:\/\/dive-greece.gr\/#\/schema\/logo\/image\/\"},\"sameAs\":[\"https:\/\/www.facebook.com\/divegreece16\/\"]}]}<\/script>\n<!-- \/ Yoast SEO plugin. -->","yoast_head_json":{"title":"PADI Scuba Diver &#8211; Dive Greece","robots":{"index":"index","follow":"follow","max-snippet":"max-snippet:-1","max-image-preview":"max-image-preview:large","max-video-preview":"max-video-preview:-1"},"canonical":"https:\/\/dive-greece.gr\/fr\/p\/padi-scuba-diver\/","og_locale":"fr_FR","og_type":"article","og_title":"PADI Scuba Diver &#8211; Dive Greece","og_description":"Love scuba diving but short of time? Or do you prefer diving with a guide, once or twice a year during your holidays? If so, you are in the right place!","og_url":"https:\/\/dive-greece.gr\/fr\/p\/padi-scuba-diver\/","og_site_name":"Dive Greece","article_publisher":"https:\/\/www.facebook.com\/divegreece16\/","article_modified_time":"2025-12-31T06:19:00+00:00","og_image":[{"width":1920,"height":1080,"url":"https:\/\/dive-greece.gr\/wp-content\/uploads\/scuba-diver-filming-underwater.jpg","type":"image\/jpeg"}],"twitter_card":"summary_large_image","twitter_misc":{"Dur\u00e9e de lecture estim\u00e9e":"1 minute"},"schema":{"@context":"https:\/\/schema.org","@graph":[{"@type":"WebPage","@id":"https:\/\/dive-greece.gr\/p\/padi-scuba-diver\/","url":"https:\/\/dive-greece.gr\/p\/padi-scuba-diver\/","name":"PADI Scuba Diver &#8211; Dive Greece","isPartOf":{"@id":"https:\/\/dive-greece.gr\/#website"},"primaryImageOfPage":{"@id":"https:\/\/dive-greece.gr\/p\/padi-scuba-diver\/#primaryimage"},"image":{"@id":"https:\/\/dive-greece.gr\/p\/padi-scuba-diver\/#primaryimage"},"thumbnailUrl":"https:\/\/dive-greece.gr\/wp-content\/uploads\/scuba-diver-filming-underwater.jpg","datePublished":"2025-11-07T09:02:38+00:00","dateModified":"2025-12-31T06:19:00+00:00","breadcrumb":{"@id":"https:\/\/dive-greece.gr\/p\/padi-scuba-diver\/#breadcrumb"},"inLanguage":"fr-FR","potentialAction":[{"@type":"ReadAction","target":["https:\/\/dive-greece.gr\/p\/padi-scuba-diver\/"]}]},{"@type":"ImageObject","inLanguage":"fr-FR","@id":"https:\/\/dive-greece.gr\/p\/padi-scuba-diver\/#primaryimage","url":"https:\/\/dive-greece.gr\/wp-content\/uploads\/scuba-diver-filming-underwater.jpg","contentUrl":"https:\/\/dive-greece.gr\/wp-content\/uploads\/scuba-diver-filming-underwater.jpg","width":1920,"height":1080,"caption":"Scuba diver with yellow fins filming underwater landscape with action camera."},{"@type":"BreadcrumbList","@id":"https:\/\/dive-greece.gr\/p\/padi-scuba-diver\/#breadcrumb","itemListElement":[{"@type":"ListItem","position":1,"name":"Home","item":"https:\/\/dive-greece.gr\/"},{"@type":"ListItem","position":2,"name":"Shop","item":"https:\/\/dive-greece.gr\/shop\/"},{"@type":"ListItem","position":3,"name":"PADI Diving Courses","item":"https:\/\/dive-greece.gr\/c\/padi-diving-courses\/"},{"@type":"ListItem","position":4,"name":"PADI Scuba Diver"}]},{"@type":"WebSite","@id":"https:\/\/dive-greece.gr\/#website","url":"https:\/\/dive-greece.gr\/","name":"Dive Greece","description":"","publisher":{"@id":"https:\/\/dive-greece.gr\/#organization"},"potentialAction":[{"@type":"SearchAction","target":{"@type":"EntryPoint","urlTemplate":"https:\/\/dive-greece.gr\/?s={search_term_string}"},"query-input":{"@type":"PropertyValueSpecification","valueRequired":true,"valueName":"search_term_string"}}],"inLanguage":"fr-FR"},{"@type":"Organization","@id":"https:\/\/dive-greece.gr\/#organization","name":"Dive Greece","url":"https:\/\/dive-greece.gr\/","logo":{"@type":"ImageObject","inLanguage":"fr-FR","@id":"https:\/\/dive-greece.gr\/#\/schema\/logo\/image\/","url":"https:\/\/dive-greece.gr\/wp-content\/uploads\/logo-dive-greece.png","contentUrl":"https:\/\/dive-greece.gr\/wp-content\/uploads\/logo-dive-greece.png","width":264,"height":136,"caption":"Dive Greece"},"image":{"@id":"https:\/\/dive-greece.gr\/#\/schema\/logo\/image\/"},"sameAs":["https:\/\/www.facebook.com\/divegreece16\/"]}]}},"_links":{"self":[{"href":"https:\/\/dive-greece.gr\/fr\/wp-json\/wp\/v2\/product\/2211","targetHints":{"allow":["GET"]}}],"collection":[{"href":"https:\/\/dive-greece.gr\/fr\/wp-json\/wp\/v2\/product"}],"about":[{"href":"https:\/\/dive-greece.gr\/fr\/wp-json\/wp\/v2\/types\/product"}],"wp:featuredmedia":[{"embeddable":true,"href":"https:\/\/dive-greece.gr\/fr\/wp-json\/wp\/v2\/media\/2405"}],"wp:attachment":[{"href":"https:\/\/dive-greece.gr\/fr\/wp-json\/wp\/v2\/media?parent=2211"}],"wp:term":[{"taxonomy":"product_brand","embeddable":true,"href":"https:\/\/dive-greece.gr\/fr\/wp-json\/wp\/v2\/product_brand?post=2211"},{"taxonomy":"product_cat","embeddable":true,"href":"https:\/\/dive-greece.gr\/fr\/wp-json\/wp\/v2\/product_cat?post=2211"},{"taxonomy":"product_tag","embeddable":true,"href":"https:\/\/dive-greece.gr\/fr\/wp-json\/wp\/v2\/product_tag?post=2211"},{"taxonomy":"levels","embeddable":true,"href":"https:\/\/dive-greece.gr\/fr\/wp-json\/wp\/v2\/levels?post=2211"}],"curies":[{"name":"wp","href":"https:\/\/api.w.org\/{rel}","templated":true}]}}