{"id":2215,"date":"2025-10-06T11:29:14","date_gmt":"2025-10-06T08:29:14","guid":{"rendered":"https:\/\/dive-greece.3ds.gr\/?post_type=product&#038;p=2215"},"modified":"2026-01-05T22:27:37","modified_gmt":"2026-01-05T20:27:37","slug":"padi-advanced-open-water-diver","status":"publish","type":"product","link":"https:\/\/dive-greece.gr\/fr\/p\/padi-advanced-open-water-diver\/","title":{"rendered":"Advanced Open Water Diver PADI"},"content":{"rendered":"<p>As a <strong>certified<\/strong> En tant que plongeur <strong>certifi\u00e9<\/strong>, l\u2019aventure continue \u2014 vous souhaitez explorer davantage et d\u00e9couvrir vos v\u00e9ritables centres d\u2019int\u00e9r\u00eat en plong\u00e9e. Pendant votre cours Advanced Open Water Diver en Chalcidique, vous perfectionnerez des comp\u00e9tences essentielles telles que la navigation sous-marine et la plong\u00e9e profonde, ainsi que trois plong\u00e9es th\u00e9matiques suppl\u00e9mentaires de votre choix. Celles-ci peuvent inclure : le perfectionnement de la flottabilit\u00e9, la recherche et r\u00e9cup\u00e9ration d\u2019objets, la plong\u00e9e de nuit, l\u2019identification des poissons, et bien d\u2019autres.<\/p>\n<p>&nbsp;<\/p>","protected":false},"excerpt":{"rendered":"<p>As a certified diver, adventure drives you&#8211; you want to explore further and discover your true diving interests. During your Advanced Open Water Diver course in Halkidiki, you will refine essential skills like underwater navigation, deep diving, and three additional &#8220;Adventure&#8221; dives of your choice. Theses could include buoyancy control, search and recovery, night diving, [&hellip;]<\/p>","protected":false},"featured_media":2390,"parent":0,"template":"","meta":[],"product_brand":[],"product_cat":[35,33],"product_tag":[],"levels":[40],"class_list":{"0":"post-2215","1":"product","2":"type-product","3":"status-publish","4":"has-post-thumbnail","6":"product_cat-advanced-courses","7":"product_cat-padi-diving-courses","8":"levels-pistopoihmenos","10":"first","11":"instock","12":"shipping-taxable","13":"purchasable","14":"product-type-simple"},"yoast_head":"<!-- This site is optimized with the Yoast SEO plugin v26.2 - https:\/\/yoast.com\/wordpress\/plugins\/seo\/ -->\n<title>PADI Advanced Open Water Diver &#8211; Dive Greece<\/title>\n<meta name=\"robots\" content=\"index, follow, max-snippet:-1, max-image-preview:large, max-video-preview:-1\" \/>\n<link rel=\"canonical\" href=\"https:\/\/dive-greece.gr\/fr\/p\/padi-advanced-open-water-diver\/\" \/>\n<meta property=\"og:locale\" content=\"fr_FR\" \/>\n<meta property=\"og:type\" content=\"article\" \/>\n<meta property=\"og:title\" content=\"PADI Advanced Open Water Diver &#8211; Dive Greece\" \/>\n<meta property=\"og:description\" content=\"As a certified diver, adventure drives you&#8211; you want to explore further and discover your true diving interests. During your Advanced Open Water Diver course in Halkidiki, you will refine essential skills like underwater navigation, deep diving, and three additional &#8220;Adventure&#8221; dives of your choice. Theses could include buoyancy control, search and recovery, night diving, [&hellip;]\" \/>\n<meta property=\"og:url\" content=\"https:\/\/dive-greece.gr\/fr\/p\/padi-advanced-open-water-diver\/\" \/>\n<meta property=\"og:site_name\" content=\"Dive Greece\" \/>\n<meta property=\"article:publisher\" content=\"https:\/\/www.facebook.com\/divegreece16\/\" \/>\n<meta property=\"article:modified_time\" content=\"2026-01-05T20:27:37+00:00\" \/>\n<meta property=\"og:image\" content=\"https:\/\/dive-greece.gr\/wp-content\/uploads\/padi-advanced-open-water-course-dive-greece.jpg\" \/>\n\t<meta property=\"og:image:width\" content=\"1133\" \/>\n\t<meta property=\"og:image:height\" content=\"1603\" \/>\n\t<meta property=\"og:image:type\" content=\"image\/jpeg\" \/>\n<meta name=\"twitter:card\" content=\"summary_large_image\" \/>\n<meta name=\"twitter:label1\" content=\"Dur\u00e9e de lecture estim\u00e9e\" \/>\n\t<meta name=\"twitter:data1\" content=\"1 minute\" \/>\n<script type=\"application\/ld+json\" class=\"yoast-schema-graph\">{\"@context\":\"https:\/\/schema.org\",\"@graph\":[{\"@type\":\"WebPage\",\"@id\":\"https:\/\/dive-greece.gr\/p\/padi-advanced-open-water-diver\/\",\"url\":\"https:\/\/dive-greece.gr\/p\/padi-advanced-open-water-diver\/\",\"name\":\"PADI Advanced Open Water Diver &#8211; Dive Greece\",\"isPartOf\":{\"@id\":\"https:\/\/dive-greece.gr\/#website\"},\"primaryImageOfPage\":{\"@id\":\"https:\/\/dive-greece.gr\/p\/padi-advanced-open-water-diver\/#primaryimage\"},\"image\":{\"@id\":\"https:\/\/dive-greece.gr\/p\/padi-advanced-open-water-diver\/#primaryimage\"},\"thumbnailUrl\":\"https:\/\/dive-greece.gr\/wp-content\/uploads\/padi-advanced-open-water-course-dive-greece.jpg\",\"datePublished\":\"2025-10-06T08:29:14+00:00\",\"dateModified\":\"2026-01-05T20:27:37+00:00\",\"breadcrumb\":{\"@id\":\"https:\/\/dive-greece.gr\/p\/padi-advanced-open-water-diver\/#breadcrumb\"},\"inLanguage\":\"fr-FR\",\"potentialAction\":[{\"@type\":\"ReadAction\",\"target\":[\"https:\/\/dive-greece.gr\/p\/padi-advanced-open-water-diver\/\"]}]},{\"@type\":\"ImageObject\",\"inLanguage\":\"fr-FR\",\"@id\":\"https:\/\/dive-greece.gr\/p\/padi-advanced-open-water-diver\/#primaryimage\",\"url\":\"https:\/\/dive-greece.gr\/wp-content\/uploads\/padi-advanced-open-water-course-dive-greece.jpg\",\"contentUrl\":\"https:\/\/dive-greece.gr\/wp-content\/uploads\/padi-advanced-open-water-course-dive-greece.jpg\",\"width\":1133,\"height\":1603,\"caption\":\"Divers participating in PADI Advanced Open Water course, practicing underwater navigation using compasses. Dive Greece.\"},{\"@type\":\"BreadcrumbList\",\"@id\":\"https:\/\/dive-greece.gr\/p\/padi-advanced-open-water-diver\/#breadcrumb\",\"itemListElement\":[{\"@type\":\"ListItem\",\"position\":1,\"name\":\"Home\",\"item\":\"https:\/\/dive-greece.gr\/\"},{\"@type\":\"ListItem\",\"position\":2,\"name\":\"Shop\",\"item\":\"https:\/\/dive-greece.gr\/shop\/\"},{\"@type\":\"ListItem\",\"position\":3,\"name\":\"PADI Diving Courses\",\"item\":\"https:\/\/dive-greece.gr\/c\/padi-diving-courses\/\"},{\"@type\":\"ListItem\",\"position\":4,\"name\":\"PADI Advanced Open Water Diver\"}]},{\"@type\":\"WebSite\",\"@id\":\"https:\/\/dive-greece.gr\/#website\",\"url\":\"https:\/\/dive-greece.gr\/\",\"name\":\"Dive Greece\",\"description\":\"\",\"publisher\":{\"@id\":\"https:\/\/dive-greece.gr\/#organization\"},\"potentialAction\":[{\"@type\":\"SearchAction\",\"target\":{\"@type\":\"EntryPoint\",\"urlTemplate\":\"https:\/\/dive-greece.gr\/?s={search_term_string}\"},\"query-input\":{\"@type\":\"PropertyValueSpecification\",\"valueRequired\":true,\"valueName\":\"search_term_string\"}}],\"inLanguage\":\"fr-FR\"},{\"@type\":\"Organization\",\"@id\":\"https:\/\/dive-greece.gr\/#organization\",\"name\":\"Dive Greece\",\"url\":\"https:\/\/dive-greece.gr\/\",\"logo\":{\"@type\":\"ImageObject\",\"inLanguage\":\"fr-FR\",\"@id\":\"https:\/\/dive-greece.gr\/#\/schema\/logo\/image\/\",\"url\":\"https:\/\/dive-greece.gr\/wp-content\/uploads\/logo-dive-greece.png\",\"contentUrl\":\"https:\/\/dive-greece.gr\/wp-content\/uploads\/logo-dive-greece.png\",\"width\":264,\"height\":136,\"caption\":\"Dive Greece\"},\"image\":{\"@id\":\"https:\/\/dive-greece.gr\/#\/schema\/logo\/image\/\"},\"sameAs\":[\"https:\/\/www.facebook.com\/divegreece16\/\"]}]}<\/script>\n<!-- \/ Yoast SEO plugin. -->","yoast_head_json":{"title":"PADI Advanced Open Water Diver &#8211; Dive Greece","robots":{"index":"index","follow":"follow","max-snippet":"max-snippet:-1","max-image-preview":"max-image-preview:large","max-video-preview":"max-video-preview:-1"},"canonical":"https:\/\/dive-greece.gr\/fr\/p\/padi-advanced-open-water-diver\/","og_locale":"fr_FR","og_type":"article","og_title":"PADI Advanced Open Water Diver &#8211; Dive Greece","og_description":"As a certified diver, adventure drives you&#8211; you want to explore further and discover your true diving interests. During your Advanced Open Water Diver course in Halkidiki, you will refine essential skills like underwater navigation, deep diving, and three additional &#8220;Adventure&#8221; dives of your choice. Theses could include buoyancy control, search and recovery, night diving, [&hellip;]","og_url":"https:\/\/dive-greece.gr\/fr\/p\/padi-advanced-open-water-diver\/","og_site_name":"Dive Greece","article_publisher":"https:\/\/www.facebook.com\/divegreece16\/","article_modified_time":"2026-01-05T20:27:37+00:00","og_image":[{"url":"https:\/\/dive-greece.gr\/wp-content\/uploads\/padi-advanced-open-water-course-dive-greece.jpg","width":1133,"height":1603,"type":"image\/jpeg"}],"twitter_card":"summary_large_image","twitter_misc":{"Dur\u00e9e de lecture estim\u00e9e":"1 minute"},"schema":{"@context":"https:\/\/schema.org","@graph":[{"@type":"WebPage","@id":"https:\/\/dive-greece.gr\/p\/padi-advanced-open-water-diver\/","url":"https:\/\/dive-greece.gr\/p\/padi-advanced-open-water-diver\/","name":"PADI Advanced Open Water Diver &#8211; Dive Greece","isPartOf":{"@id":"https:\/\/dive-greece.gr\/#website"},"primaryImageOfPage":{"@id":"https:\/\/dive-greece.gr\/p\/padi-advanced-open-water-diver\/#primaryimage"},"image":{"@id":"https:\/\/dive-greece.gr\/p\/padi-advanced-open-water-diver\/#primaryimage"},"thumbnailUrl":"https:\/\/dive-greece.gr\/wp-content\/uploads\/padi-advanced-open-water-course-dive-greece.jpg","datePublished":"2025-10-06T08:29:14+00:00","dateModified":"2026-01-05T20:27:37+00:00","breadcrumb":{"@id":"https:\/\/dive-greece.gr\/p\/padi-advanced-open-water-diver\/#breadcrumb"},"inLanguage":"fr-FR","potentialAction":[{"@type":"ReadAction","target":["https:\/\/dive-greece.gr\/p\/padi-advanced-open-water-diver\/"]}]},{"@type":"ImageObject","inLanguage":"fr-FR","@id":"https:\/\/dive-greece.gr\/p\/padi-advanced-open-water-diver\/#primaryimage","url":"https:\/\/dive-greece.gr\/wp-content\/uploads\/padi-advanced-open-water-course-dive-greece.jpg","contentUrl":"https:\/\/dive-greece.gr\/wp-content\/uploads\/padi-advanced-open-water-course-dive-greece.jpg","width":1133,"height":1603,"caption":"Divers participating in PADI Advanced Open Water course, practicing underwater navigation using compasses. Dive Greece."},{"@type":"BreadcrumbList","@id":"https:\/\/dive-greece.gr\/p\/padi-advanced-open-water-diver\/#breadcrumb","itemListElement":[{"@type":"ListItem","position":1,"name":"Home","item":"https:\/\/dive-greece.gr\/"},{"@type":"ListItem","position":2,"name":"Shop","item":"https:\/\/dive-greece.gr\/shop\/"},{"@type":"ListItem","position":3,"name":"PADI Diving Courses","item":"https:\/\/dive-greece.gr\/c\/padi-diving-courses\/"},{"@type":"ListItem","position":4,"name":"PADI Advanced Open Water Diver"}]},{"@type":"WebSite","@id":"https:\/\/dive-greece.gr\/#website","url":"https:\/\/dive-greece.gr\/","name":"Dive Greece","description":"","publisher":{"@id":"https:\/\/dive-greece.gr\/#organization"},"potentialAction":[{"@type":"SearchAction","target":{"@type":"EntryPoint","urlTemplate":"https:\/\/dive-greece.gr\/?s={search_term_string}"},"query-input":{"@type":"PropertyValueSpecification","valueRequired":true,"valueName":"search_term_string"}}],"inLanguage":"fr-FR"},{"@type":"Organization","@id":"https:\/\/dive-greece.gr\/#organization","name":"Dive Greece","url":"https:\/\/dive-greece.gr\/","logo":{"@type":"ImageObject","inLanguage":"fr-FR","@id":"https:\/\/dive-greece.gr\/#\/schema\/logo\/image\/","url":"https:\/\/dive-greece.gr\/wp-content\/uploads\/logo-dive-greece.png","contentUrl":"https:\/\/dive-greece.gr\/wp-content\/uploads\/logo-dive-greece.png","width":264,"height":136,"caption":"Dive Greece"},"image":{"@id":"https:\/\/dive-greece.gr\/#\/schema\/logo\/image\/"},"sameAs":["https:\/\/www.facebook.com\/divegreece16\/"]}]}},"_links":{"self":[{"href":"https:\/\/dive-greece.gr\/fr\/wp-json\/wp\/v2\/product\/2215","targetHints":{"allow":["GET"]}}],"collection":[{"href":"https:\/\/dive-greece.gr\/fr\/wp-json\/wp\/v2\/product"}],"about":[{"href":"https:\/\/dive-greece.gr\/fr\/wp-json\/wp\/v2\/types\/product"}],"wp:featuredmedia":[{"embeddable":true,"href":"https:\/\/dive-greece.gr\/fr\/wp-json\/wp\/v2\/media\/2390"}],"wp:attachment":[{"href":"https:\/\/dive-greece.gr\/fr\/wp-json\/wp\/v2\/media?parent=2215"}],"wp:term":[{"taxonomy":"product_brand","embeddable":true,"href":"https:\/\/dive-greece.gr\/fr\/wp-json\/wp\/v2\/product_brand?post=2215"},{"taxonomy":"product_cat","embeddable":true,"href":"https:\/\/dive-greece.gr\/fr\/wp-json\/wp\/v2\/product_cat?post=2215"},{"taxonomy":"product_tag","embeddable":true,"href":"https:\/\/dive-greece.gr\/fr\/wp-json\/wp\/v2\/product_tag?post=2215"},{"taxonomy":"levels","embeddable":true,"href":"https:\/\/dive-greece.gr\/fr\/wp-json\/wp\/v2\/levels?post=2215"}],"curies":[{"name":"wp","href":"https:\/\/api.w.org\/{rel}","templated":true}]}}