{"id":2228,"date":"2025-10-08T09:54:12","date_gmt":"2025-10-08T06:54:12","guid":{"rendered":"https:\/\/dive-greece.3ds.gr\/?post_type=product&#038;p=2228"},"modified":"2025-12-10T10:34:07","modified_gmt":"2025-12-10T08:34:07","slug":"padi-deep-diver","status":"publish","type":"product","link":"https:\/\/dive-greece.gr\/fr\/p\/padi-deep-diver\/","title":{"rendered":"PADI Deep Diver"},"content":{"rendered":"<p><span lang=\"en-US\">En tant que plongeur(euse), ressentez-vous le besoin d\u2019\u00e9tendre vos limites ? La sp\u00e9cialit\u00e9 PADI Plong\u00e9e Profonde vous apprend \u00e0 le faire en toute s\u00e9curit\u00e9. Plonger au-del\u00e0 de 18 m\u00e8tres vous permet de d\u00e9couvrir une vie marine unique et un relief impressionnant, d\u2019explorer l\u2019histoire en visitant des \u00e9paves fascinantes et de profiter d\u2019un \u00e9ventail encore plus large de destinations sous-marines.<\/span><\/p>","protected":false},"excerpt":{"rendered":"<p>En tant que plongeur(euse), ressentez-vous le besoin d\u2019\u00e9tendre vos limites ? La sp\u00e9cialit\u00e9 PADI Plong\u00e9e Profonde vous apprend \u00e0 le faire en toute s\u00e9curit\u00e9. Plonger au-del\u00e0 de 18 m\u00e8tres vous permet de d\u00e9couvrir une vie marine unique et un relief impressionnant, d\u2019explorer l\u2019histoire en visitant des \u00e9paves fascinantes et de profiter d\u2019un \u00e9ventail encore plus large de destinations sous-marines.<\/p>","protected":false},"featured_media":2394,"parent":0,"template":"","meta":[],"product_brand":[],"product_cat":[33,36],"product_tag":[],"levels":[40],"class_list":{"0":"post-2228","1":"product","2":"type-product","3":"status-publish","4":"has-post-thumbnail","6":"product_cat-padi-diving-courses","7":"product_cat-specialties","8":"levels-pistopoihmenos","10":"first","11":"instock","12":"shipping-taxable","13":"purchasable","14":"product-type-simple"},"yoast_head":"<!-- This site is optimized with the Yoast SEO plugin v26.2 - https:\/\/yoast.com\/wordpress\/plugins\/seo\/ -->\n<title>PADI Deep Diver &#8211; Dive Greece<\/title>\n<meta name=\"robots\" content=\"index, follow, max-snippet:-1, max-image-preview:large, max-video-preview:-1\" \/>\n<link rel=\"canonical\" href=\"https:\/\/dive-greece.gr\/fr\/p\/padi-deep-diver\/\" \/>\n<meta property=\"og:locale\" content=\"fr_FR\" \/>\n<meta property=\"og:type\" content=\"article\" \/>\n<meta property=\"og:title\" content=\"PADI Deep Diver &#8211; Dive Greece\" \/>\n<meta property=\"og:description\" content=\"As a diver, do you feel the urge to expand your limits? The PADI Deep Diver specialty course teaches you how to do so safely. Diving below 18 meters allows you to experience unique marine life and exceptional scenery, to dive into history by visiting fascinating shipwrecks and enjoy a wider range of dive destinations.\" \/>\n<meta property=\"og:url\" content=\"https:\/\/dive-greece.gr\/fr\/p\/padi-deep-diver\/\" \/>\n<meta property=\"og:site_name\" content=\"Dive Greece\" \/>\n<meta property=\"article:publisher\" content=\"https:\/\/www.facebook.com\/divegreece16\/\" \/>\n<meta property=\"article:modified_time\" content=\"2025-12-10T08:34:07+00:00\" \/>\n<meta property=\"og:image\" content=\"https:\/\/dive-greece.gr\/wp-content\/uploads\/scuba-diver-descent-deep-dive-greece-scaled.jpg\" \/>\n\t<meta property=\"og:image:width\" content=\"2560\" \/>\n\t<meta property=\"og:image:height\" content=\"1440\" \/>\n\t<meta property=\"og:image:type\" content=\"image\/jpeg\" \/>\n<meta name=\"twitter:card\" content=\"summary_large_image\" \/>\n<meta name=\"twitter:label1\" content=\"Dur\u00e9e de lecture estim\u00e9e\" \/>\n\t<meta name=\"twitter:data1\" content=\"1 minute\" \/>\n<script type=\"application\/ld+json\" class=\"yoast-schema-graph\">{\"@context\":\"https:\/\/schema.org\",\"@graph\":[{\"@type\":\"WebPage\",\"@id\":\"https:\/\/dive-greece.gr\/p\/padi-deep-diver\/\",\"url\":\"https:\/\/dive-greece.gr\/p\/padi-deep-diver\/\",\"name\":\"PADI Deep Diver &#8211; Dive Greece\",\"isPartOf\":{\"@id\":\"https:\/\/dive-greece.gr\/#website\"},\"primaryImageOfPage\":{\"@id\":\"https:\/\/dive-greece.gr\/p\/padi-deep-diver\/#primaryimage\"},\"image\":{\"@id\":\"https:\/\/dive-greece.gr\/p\/padi-deep-diver\/#primaryimage\"},\"thumbnailUrl\":\"https:\/\/dive-greece.gr\/wp-content\/uploads\/scuba-diver-descent-deep-dive-greece-scaled.jpg\",\"datePublished\":\"2025-10-08T06:54:12+00:00\",\"dateModified\":\"2025-12-10T08:34:07+00:00\",\"breadcrumb\":{\"@id\":\"https:\/\/dive-greece.gr\/p\/padi-deep-diver\/#breadcrumb\"},\"inLanguage\":\"fr-FR\",\"potentialAction\":[{\"@type\":\"ReadAction\",\"target\":[\"https:\/\/dive-greece.gr\/p\/padi-deep-diver\/\"]}]},{\"@type\":\"ImageObject\",\"inLanguage\":\"fr-FR\",\"@id\":\"https:\/\/dive-greece.gr\/p\/padi-deep-diver\/#primaryimage\",\"url\":\"https:\/\/dive-greece.gr\/wp-content\/uploads\/scuba-diver-descent-deep-dive-greece-scaled.jpg\",\"contentUrl\":\"https:\/\/dive-greece.gr\/wp-content\/uploads\/scuba-diver-descent-deep-dive-greece-scaled.jpg\",\"width\":2560,\"height\":1440,\"caption\":\"OLYMPUS DIGITAL CAMERA\"},{\"@type\":\"BreadcrumbList\",\"@id\":\"https:\/\/dive-greece.gr\/p\/padi-deep-diver\/#breadcrumb\",\"itemListElement\":[{\"@type\":\"ListItem\",\"position\":1,\"name\":\"Home\",\"item\":\"https:\/\/dive-greece.gr\/\"},{\"@type\":\"ListItem\",\"position\":2,\"name\":\"Shop\",\"item\":\"https:\/\/dive-greece.gr\/shop\/\"},{\"@type\":\"ListItem\",\"position\":3,\"name\":\"PADI Diving Courses\",\"item\":\"https:\/\/dive-greece.gr\/c\/padi-diving-courses\/\"},{\"@type\":\"ListItem\",\"position\":4,\"name\":\"PADI Deep Diver\"}]},{\"@type\":\"WebSite\",\"@id\":\"https:\/\/dive-greece.gr\/#website\",\"url\":\"https:\/\/dive-greece.gr\/\",\"name\":\"Dive Greece\",\"description\":\"\",\"publisher\":{\"@id\":\"https:\/\/dive-greece.gr\/#organization\"},\"potentialAction\":[{\"@type\":\"SearchAction\",\"target\":{\"@type\":\"EntryPoint\",\"urlTemplate\":\"https:\/\/dive-greece.gr\/?s={search_term_string}\"},\"query-input\":{\"@type\":\"PropertyValueSpecification\",\"valueRequired\":true,\"valueName\":\"search_term_string\"}}],\"inLanguage\":\"fr-FR\"},{\"@type\":\"Organization\",\"@id\":\"https:\/\/dive-greece.gr\/#organization\",\"name\":\"Dive Greece\",\"url\":\"https:\/\/dive-greece.gr\/\",\"logo\":{\"@type\":\"ImageObject\",\"inLanguage\":\"fr-FR\",\"@id\":\"https:\/\/dive-greece.gr\/#\/schema\/logo\/image\/\",\"url\":\"https:\/\/dive-greece.gr\/wp-content\/uploads\/logo-dive-greece.png\",\"contentUrl\":\"https:\/\/dive-greece.gr\/wp-content\/uploads\/logo-dive-greece.png\",\"width\":264,\"height\":136,\"caption\":\"Dive Greece\"},\"image\":{\"@id\":\"https:\/\/dive-greece.gr\/#\/schema\/logo\/image\/\"},\"sameAs\":[\"https:\/\/www.facebook.com\/divegreece16\/\"]}]}<\/script>\n<!-- \/ Yoast SEO plugin. -->","yoast_head_json":{"title":"PADI Deep Diver &#8211; Dive Greece","robots":{"index":"index","follow":"follow","max-snippet":"max-snippet:-1","max-image-preview":"max-image-preview:large","max-video-preview":"max-video-preview:-1"},"canonical":"https:\/\/dive-greece.gr\/fr\/p\/padi-deep-diver\/","og_locale":"fr_FR","og_type":"article","og_title":"PADI Deep Diver &#8211; Dive Greece","og_description":"As a diver, do you feel the urge to expand your limits? The PADI Deep Diver specialty course teaches you how to do so safely. Diving below 18 meters allows you to experience unique marine life and exceptional scenery, to dive into history by visiting fascinating shipwrecks and enjoy a wider range of dive destinations.","og_url":"https:\/\/dive-greece.gr\/fr\/p\/padi-deep-diver\/","og_site_name":"Dive Greece","article_publisher":"https:\/\/www.facebook.com\/divegreece16\/","article_modified_time":"2025-12-10T08:34:07+00:00","og_image":[{"width":2560,"height":1440,"url":"https:\/\/dive-greece.gr\/wp-content\/uploads\/scuba-diver-descent-deep-dive-greece-scaled.jpg","type":"image\/jpeg"}],"twitter_card":"summary_large_image","twitter_misc":{"Dur\u00e9e de lecture estim\u00e9e":"1 minute"},"schema":{"@context":"https:\/\/schema.org","@graph":[{"@type":"WebPage","@id":"https:\/\/dive-greece.gr\/p\/padi-deep-diver\/","url":"https:\/\/dive-greece.gr\/p\/padi-deep-diver\/","name":"PADI Deep Diver &#8211; Dive Greece","isPartOf":{"@id":"https:\/\/dive-greece.gr\/#website"},"primaryImageOfPage":{"@id":"https:\/\/dive-greece.gr\/p\/padi-deep-diver\/#primaryimage"},"image":{"@id":"https:\/\/dive-greece.gr\/p\/padi-deep-diver\/#primaryimage"},"thumbnailUrl":"https:\/\/dive-greece.gr\/wp-content\/uploads\/scuba-diver-descent-deep-dive-greece-scaled.jpg","datePublished":"2025-10-08T06:54:12+00:00","dateModified":"2025-12-10T08:34:07+00:00","breadcrumb":{"@id":"https:\/\/dive-greece.gr\/p\/padi-deep-diver\/#breadcrumb"},"inLanguage":"fr-FR","potentialAction":[{"@type":"ReadAction","target":["https:\/\/dive-greece.gr\/p\/padi-deep-diver\/"]}]},{"@type":"ImageObject","inLanguage":"fr-FR","@id":"https:\/\/dive-greece.gr\/p\/padi-deep-diver\/#primaryimage","url":"https:\/\/dive-greece.gr\/wp-content\/uploads\/scuba-diver-descent-deep-dive-greece-scaled.jpg","contentUrl":"https:\/\/dive-greece.gr\/wp-content\/uploads\/scuba-diver-descent-deep-dive-greece-scaled.jpg","width":2560,"height":1440,"caption":"OLYMPUS DIGITAL CAMERA"},{"@type":"BreadcrumbList","@id":"https:\/\/dive-greece.gr\/p\/padi-deep-diver\/#breadcrumb","itemListElement":[{"@type":"ListItem","position":1,"name":"Home","item":"https:\/\/dive-greece.gr\/"},{"@type":"ListItem","position":2,"name":"Shop","item":"https:\/\/dive-greece.gr\/shop\/"},{"@type":"ListItem","position":3,"name":"PADI Diving Courses","item":"https:\/\/dive-greece.gr\/c\/padi-diving-courses\/"},{"@type":"ListItem","position":4,"name":"PADI Deep Diver"}]},{"@type":"WebSite","@id":"https:\/\/dive-greece.gr\/#website","url":"https:\/\/dive-greece.gr\/","name":"Dive Greece","description":"","publisher":{"@id":"https:\/\/dive-greece.gr\/#organization"},"potentialAction":[{"@type":"SearchAction","target":{"@type":"EntryPoint","urlTemplate":"https:\/\/dive-greece.gr\/?s={search_term_string}"},"query-input":{"@type":"PropertyValueSpecification","valueRequired":true,"valueName":"search_term_string"}}],"inLanguage":"fr-FR"},{"@type":"Organization","@id":"https:\/\/dive-greece.gr\/#organization","name":"Dive Greece","url":"https:\/\/dive-greece.gr\/","logo":{"@type":"ImageObject","inLanguage":"fr-FR","@id":"https:\/\/dive-greece.gr\/#\/schema\/logo\/image\/","url":"https:\/\/dive-greece.gr\/wp-content\/uploads\/logo-dive-greece.png","contentUrl":"https:\/\/dive-greece.gr\/wp-content\/uploads\/logo-dive-greece.png","width":264,"height":136,"caption":"Dive Greece"},"image":{"@id":"https:\/\/dive-greece.gr\/#\/schema\/logo\/image\/"},"sameAs":["https:\/\/www.facebook.com\/divegreece16\/"]}]}},"_links":{"self":[{"href":"https:\/\/dive-greece.gr\/fr\/wp-json\/wp\/v2\/product\/2228","targetHints":{"allow":["GET"]}}],"collection":[{"href":"https:\/\/dive-greece.gr\/fr\/wp-json\/wp\/v2\/product"}],"about":[{"href":"https:\/\/dive-greece.gr\/fr\/wp-json\/wp\/v2\/types\/product"}],"wp:featuredmedia":[{"embeddable":true,"href":"https:\/\/dive-greece.gr\/fr\/wp-json\/wp\/v2\/media\/2394"}],"wp:attachment":[{"href":"https:\/\/dive-greece.gr\/fr\/wp-json\/wp\/v2\/media?parent=2228"}],"wp:term":[{"taxonomy":"product_brand","embeddable":true,"href":"https:\/\/dive-greece.gr\/fr\/wp-json\/wp\/v2\/product_brand?post=2228"},{"taxonomy":"product_cat","embeddable":true,"href":"https:\/\/dive-greece.gr\/fr\/wp-json\/wp\/v2\/product_cat?post=2228"},{"taxonomy":"product_tag","embeddable":true,"href":"https:\/\/dive-greece.gr\/fr\/wp-json\/wp\/v2\/product_tag?post=2228"},{"taxonomy":"levels","embeddable":true,"href":"https:\/\/dive-greece.gr\/fr\/wp-json\/wp\/v2\/levels?post=2228"}],"curies":[{"name":"wp","href":"https:\/\/api.w.org\/{rel}","templated":true}]}}