{"id":2230,"date":"2025-10-07T10:09:44","date_gmt":"2025-10-07T07:09:44","guid":{"rendered":"https:\/\/dive-greece.3ds.gr\/?post_type=product&#038;p=2230"},"modified":"2026-01-14T16:13:34","modified_gmt":"2026-01-14T14:13:34","slug":"padi-efr-training","status":"publish","type":"product","link":"https:\/\/dive-greece.gr\/fr\/p\/padi-efr-training\/","title":{"rendered":"Formation aux Premiers Secours PADI EFR"},"content":{"rendered":"<p><span lang=\"en-US\">Dans une urgence m\u00e9dicale, chaque minute compte. N\u00e9anmoins, les secours peuvent mettre un certain temps \u00e0 arriver sur place.\nLe cours de Premiers Secours EFR (Emergency First Response) est con\u00e7u pour combler cet intervalle critique en formant des personnes sans formation m\u00e9dicale aux techniques essentielles susceptibles de sauver une vie, jusqu\u2019\u00e0 l\u2019arriv\u00e9e des professionnels de sant\u00e9.\nAinsi, les participants acqui\u00e8rent des comp\u00e9tences de premiers secours que chacun devrait poss\u00e9der, car les impr\u00e9vus peuvent survenir n\u2019importe o\u00f9 et \u00e0 tout moment.<br \/>\n<\/span><\/p>","protected":false},"excerpt":{"rendered":"<p>In a serious medical emergency, every second counts. However, emergency medical care often takes some time to arrive at the scene. The EFR Primary Care course is designed to bridge this critical gap by teaching non-medically trained individuals essential life-saving techniques to assist until professional healthcare providers arrive. Thus, participants learn to apply first-aid skills [&hellip;]<\/p>","protected":false},"featured_media":2664,"parent":0,"template":"","meta":[],"product_brand":[],"product_cat":[33,36],"product_tag":[],"levels":[38],"class_list":{"0":"post-2230","1":"product","2":"type-product","3":"status-publish","4":"has-post-thumbnail","6":"product_cat-padi-diving-courses","7":"product_cat-specialties","8":"levels-arxarios","10":"first","11":"instock","12":"shipping-taxable","13":"purchasable","14":"product-type-simple"},"yoast_head":"<!-- This site is optimized with the Yoast SEO plugin v26.2 - https:\/\/yoast.com\/wordpress\/plugins\/seo\/ -->\n<title>PADI EFR Training &#8211; Dive Greece<\/title>\n<meta name=\"robots\" content=\"index, follow, max-snippet:-1, max-image-preview:large, max-video-preview:-1\" \/>\n<link rel=\"canonical\" href=\"https:\/\/dive-greece.gr\/fr\/p\/padi-efr-training\/\" \/>\n<meta property=\"og:locale\" content=\"fr_FR\" \/>\n<meta property=\"og:type\" content=\"article\" \/>\n<meta property=\"og:title\" content=\"PADI EFR Training &#8211; Dive Greece\" \/>\n<meta property=\"og:description\" content=\"In a serious medical emergency, every second counts. However, emergency medical care often takes some time to arrive at the scene. The EFR Primary Care course is designed to bridge this critical gap by teaching non-medically trained individuals essential life-saving techniques to assist until professional healthcare providers arrive. Thus, participants learn to apply first-aid skills [&hellip;]\" \/>\n<meta property=\"og:url\" content=\"https:\/\/dive-greece.gr\/fr\/p\/padi-efr-training\/\" \/>\n<meta property=\"og:site_name\" content=\"Dive Greece\" \/>\n<meta property=\"article:publisher\" content=\"https:\/\/www.facebook.com\/divegreece16\/\" \/>\n<meta property=\"article:modified_time\" content=\"2026-01-14T14:13:34+00:00\" \/>\n<meta property=\"og:image\" content=\"https:\/\/dive-greece.gr\/wp-content\/uploads\/emergency-first-response-padi-course-dive-greece-2.jpg\" \/>\n\t<meta property=\"og:image:width\" content=\"1025\" \/>\n\t<meta property=\"og:image:height\" content=\"589\" \/>\n\t<meta property=\"og:image:type\" content=\"image\/jpeg\" \/>\n<meta name=\"twitter:card\" content=\"summary_large_image\" \/>\n<meta name=\"twitter:label1\" content=\"Dur\u00e9e de lecture estim\u00e9e\" \/>\n\t<meta name=\"twitter:data1\" content=\"1 minute\" \/>\n<script type=\"application\/ld+json\" class=\"yoast-schema-graph\">{\"@context\":\"https:\/\/schema.org\",\"@graph\":[{\"@type\":\"WebPage\",\"@id\":\"https:\/\/dive-greece.gr\/p\/padi-efr-training\/\",\"url\":\"https:\/\/dive-greece.gr\/p\/padi-efr-training\/\",\"name\":\"PADI EFR Training &#8211; Dive Greece\",\"isPartOf\":{\"@id\":\"https:\/\/dive-greece.gr\/#website\"},\"primaryImageOfPage\":{\"@id\":\"https:\/\/dive-greece.gr\/p\/padi-efr-training\/#primaryimage\"},\"image\":{\"@id\":\"https:\/\/dive-greece.gr\/p\/padi-efr-training\/#primaryimage\"},\"thumbnailUrl\":\"https:\/\/dive-greece.gr\/wp-content\/uploads\/emergency-first-response-padi-course-dive-greece-2.jpg\",\"datePublished\":\"2025-10-07T07:09:44+00:00\",\"dateModified\":\"2026-01-14T14:13:34+00:00\",\"breadcrumb\":{\"@id\":\"https:\/\/dive-greece.gr\/p\/padi-efr-training\/#breadcrumb\"},\"inLanguage\":\"fr-FR\",\"potentialAction\":[{\"@type\":\"ReadAction\",\"target\":[\"https:\/\/dive-greece.gr\/p\/padi-efr-training\/\"]}]},{\"@type\":\"ImageObject\",\"inLanguage\":\"fr-FR\",\"@id\":\"https:\/\/dive-greece.gr\/p\/padi-efr-training\/#primaryimage\",\"url\":\"https:\/\/dive-greece.gr\/wp-content\/uploads\/emergency-first-response-padi-course-dive-greece-2.jpg\",\"contentUrl\":\"https:\/\/dive-greece.gr\/wp-content\/uploads\/emergency-first-response-padi-course-dive-greece-2.jpg\",\"width\":1025,\"height\":589,\"caption\":\"Emergency First Response (EFR) PADI training with oxygen kit for scuba diving emergencies in Greece. Dive Greece course.\"},{\"@type\":\"BreadcrumbList\",\"@id\":\"https:\/\/dive-greece.gr\/p\/padi-efr-training\/#breadcrumb\",\"itemListElement\":[{\"@type\":\"ListItem\",\"position\":1,\"name\":\"Home\",\"item\":\"https:\/\/dive-greece.gr\/\"},{\"@type\":\"ListItem\",\"position\":2,\"name\":\"Shop\",\"item\":\"https:\/\/dive-greece.gr\/shop\/\"},{\"@type\":\"ListItem\",\"position\":3,\"name\":\"PADI Diving Courses\",\"item\":\"https:\/\/dive-greece.gr\/c\/padi-diving-courses\/\"},{\"@type\":\"ListItem\",\"position\":4,\"name\":\"PADI EFR Training\"}]},{\"@type\":\"WebSite\",\"@id\":\"https:\/\/dive-greece.gr\/#website\",\"url\":\"https:\/\/dive-greece.gr\/\",\"name\":\"Dive Greece\",\"description\":\"\",\"publisher\":{\"@id\":\"https:\/\/dive-greece.gr\/#organization\"},\"potentialAction\":[{\"@type\":\"SearchAction\",\"target\":{\"@type\":\"EntryPoint\",\"urlTemplate\":\"https:\/\/dive-greece.gr\/?s={search_term_string}\"},\"query-input\":{\"@type\":\"PropertyValueSpecification\",\"valueRequired\":true,\"valueName\":\"search_term_string\"}}],\"inLanguage\":\"fr-FR\"},{\"@type\":\"Organization\",\"@id\":\"https:\/\/dive-greece.gr\/#organization\",\"name\":\"Dive Greece\",\"url\":\"https:\/\/dive-greece.gr\/\",\"logo\":{\"@type\":\"ImageObject\",\"inLanguage\":\"fr-FR\",\"@id\":\"https:\/\/dive-greece.gr\/#\/schema\/logo\/image\/\",\"url\":\"https:\/\/dive-greece.gr\/wp-content\/uploads\/logo-dive-greece.png\",\"contentUrl\":\"https:\/\/dive-greece.gr\/wp-content\/uploads\/logo-dive-greece.png\",\"width\":264,\"height\":136,\"caption\":\"Dive Greece\"},\"image\":{\"@id\":\"https:\/\/dive-greece.gr\/#\/schema\/logo\/image\/\"},\"sameAs\":[\"https:\/\/www.facebook.com\/divegreece16\/\"]}]}<\/script>\n<!-- \/ Yoast SEO plugin. -->","yoast_head_json":{"title":"PADI EFR Training &#8211; Dive Greece","robots":{"index":"index","follow":"follow","max-snippet":"max-snippet:-1","max-image-preview":"max-image-preview:large","max-video-preview":"max-video-preview:-1"},"canonical":"https:\/\/dive-greece.gr\/fr\/p\/padi-efr-training\/","og_locale":"fr_FR","og_type":"article","og_title":"PADI EFR Training &#8211; Dive Greece","og_description":"In a serious medical emergency, every second counts. However, emergency medical care often takes some time to arrive at the scene. The EFR Primary Care course is designed to bridge this critical gap by teaching non-medically trained individuals essential life-saving techniques to assist until professional healthcare providers arrive. Thus, participants learn to apply first-aid skills [&hellip;]","og_url":"https:\/\/dive-greece.gr\/fr\/p\/padi-efr-training\/","og_site_name":"Dive Greece","article_publisher":"https:\/\/www.facebook.com\/divegreece16\/","article_modified_time":"2026-01-14T14:13:34+00:00","og_image":[{"width":1025,"height":589,"url":"https:\/\/dive-greece.gr\/wp-content\/uploads\/emergency-first-response-padi-course-dive-greece-2.jpg","type":"image\/jpeg"}],"twitter_card":"summary_large_image","twitter_misc":{"Dur\u00e9e de lecture estim\u00e9e":"1 minute"},"schema":{"@context":"https:\/\/schema.org","@graph":[{"@type":"WebPage","@id":"https:\/\/dive-greece.gr\/p\/padi-efr-training\/","url":"https:\/\/dive-greece.gr\/p\/padi-efr-training\/","name":"PADI EFR Training &#8211; Dive Greece","isPartOf":{"@id":"https:\/\/dive-greece.gr\/#website"},"primaryImageOfPage":{"@id":"https:\/\/dive-greece.gr\/p\/padi-efr-training\/#primaryimage"},"image":{"@id":"https:\/\/dive-greece.gr\/p\/padi-efr-training\/#primaryimage"},"thumbnailUrl":"https:\/\/dive-greece.gr\/wp-content\/uploads\/emergency-first-response-padi-course-dive-greece-2.jpg","datePublished":"2025-10-07T07:09:44+00:00","dateModified":"2026-01-14T14:13:34+00:00","breadcrumb":{"@id":"https:\/\/dive-greece.gr\/p\/padi-efr-training\/#breadcrumb"},"inLanguage":"fr-FR","potentialAction":[{"@type":"ReadAction","target":["https:\/\/dive-greece.gr\/p\/padi-efr-training\/"]}]},{"@type":"ImageObject","inLanguage":"fr-FR","@id":"https:\/\/dive-greece.gr\/p\/padi-efr-training\/#primaryimage","url":"https:\/\/dive-greece.gr\/wp-content\/uploads\/emergency-first-response-padi-course-dive-greece-2.jpg","contentUrl":"https:\/\/dive-greece.gr\/wp-content\/uploads\/emergency-first-response-padi-course-dive-greece-2.jpg","width":1025,"height":589,"caption":"Emergency First Response (EFR) PADI training with oxygen kit for scuba diving emergencies in Greece. Dive Greece course."},{"@type":"BreadcrumbList","@id":"https:\/\/dive-greece.gr\/p\/padi-efr-training\/#breadcrumb","itemListElement":[{"@type":"ListItem","position":1,"name":"Home","item":"https:\/\/dive-greece.gr\/"},{"@type":"ListItem","position":2,"name":"Shop","item":"https:\/\/dive-greece.gr\/shop\/"},{"@type":"ListItem","position":3,"name":"PADI Diving Courses","item":"https:\/\/dive-greece.gr\/c\/padi-diving-courses\/"},{"@type":"ListItem","position":4,"name":"PADI EFR Training"}]},{"@type":"WebSite","@id":"https:\/\/dive-greece.gr\/#website","url":"https:\/\/dive-greece.gr\/","name":"Dive Greece","description":"","publisher":{"@id":"https:\/\/dive-greece.gr\/#organization"},"potentialAction":[{"@type":"SearchAction","target":{"@type":"EntryPoint","urlTemplate":"https:\/\/dive-greece.gr\/?s={search_term_string}"},"query-input":{"@type":"PropertyValueSpecification","valueRequired":true,"valueName":"search_term_string"}}],"inLanguage":"fr-FR"},{"@type":"Organization","@id":"https:\/\/dive-greece.gr\/#organization","name":"Dive Greece","url":"https:\/\/dive-greece.gr\/","logo":{"@type":"ImageObject","inLanguage":"fr-FR","@id":"https:\/\/dive-greece.gr\/#\/schema\/logo\/image\/","url":"https:\/\/dive-greece.gr\/wp-content\/uploads\/logo-dive-greece.png","contentUrl":"https:\/\/dive-greece.gr\/wp-content\/uploads\/logo-dive-greece.png","width":264,"height":136,"caption":"Dive Greece"},"image":{"@id":"https:\/\/dive-greece.gr\/#\/schema\/logo\/image\/"},"sameAs":["https:\/\/www.facebook.com\/divegreece16\/"]}]}},"_links":{"self":[{"href":"https:\/\/dive-greece.gr\/fr\/wp-json\/wp\/v2\/product\/2230","targetHints":{"allow":["GET"]}}],"collection":[{"href":"https:\/\/dive-greece.gr\/fr\/wp-json\/wp\/v2\/product"}],"about":[{"href":"https:\/\/dive-greece.gr\/fr\/wp-json\/wp\/v2\/types\/product"}],"wp:featuredmedia":[{"embeddable":true,"href":"https:\/\/dive-greece.gr\/fr\/wp-json\/wp\/v2\/media\/2664"}],"wp:attachment":[{"href":"https:\/\/dive-greece.gr\/fr\/wp-json\/wp\/v2\/media?parent=2230"}],"wp:term":[{"taxonomy":"product_brand","embeddable":true,"href":"https:\/\/dive-greece.gr\/fr\/wp-json\/wp\/v2\/product_brand?post=2230"},{"taxonomy":"product_cat","embeddable":true,"href":"https:\/\/dive-greece.gr\/fr\/wp-json\/wp\/v2\/product_cat?post=2230"},{"taxonomy":"product_tag","embeddable":true,"href":"https:\/\/dive-greece.gr\/fr\/wp-json\/wp\/v2\/product_tag?post=2230"},{"taxonomy":"levels","embeddable":true,"href":"https:\/\/dive-greece.gr\/fr\/wp-json\/wp\/v2\/levels?post=2230"}],"curies":[{"name":"wp","href":"https:\/\/api.w.org\/{rel}","templated":true}]}}