{"id":2346,"date":"2025-10-03T14:08:33","date_gmt":"2025-10-03T11:08:33","guid":{"rendered":"https:\/\/dive-greece.3ds.gr\/product\/padi-wreck-diver-2\/"},"modified":"2026-02-02T13:30:45","modified_gmt":"2026-02-02T11:30:45","slug":"padi-reactivate","status":"publish","type":"product","link":"https:\/\/dive-greece.gr\/fr\/p\/padi-reactivate\/","title":{"rendered":"ReActivate PADI"},"content":{"rendered":"<p><span style=\"font-weight: 400;\">\u00cates-vous plongeur(euse) certifi\u00e9(e) et n\u2019avez-vous pas plong\u00e9 depuis un certain temps ?\nRafra\u00eechissez vos comp\u00e9tences et vos connaissances, et obtenez en m\u00eame temps le tr\u00e8s appr\u00e9ci\u00e9 label \u00ab Reactivated \u00bb sur votre carte de certification !<\/span><\/p>\n<p><span style=\"font-weight: 400;\">Le programme PADI ReActivate est la remise \u00e0 niveau id\u00e9ale pour renforcer votre confiance dans l\u2019eau avant vos vacances ou pour passer \u00e0 la certification adulte si vous \u00eates un plongeur junior. En effet, beaucoup de plongeurs choisissent cette activit\u00e9 le premier jour de leurs vacances avant de participer \u00e0 des plong\u00e9es guid\u00e9es.<\/span><\/p>","protected":false},"excerpt":{"rendered":"<p>Are you a certified diver but haven\u2019t dived in a while? Refresh your skills and knowledge while earning the highly regarded &#8220;ReActivated&#8221; status on your new PADI certification card! The PADI ReActivate course is the perfect way to regain confidence before diving on your holiday or for junior divers looking to upgrade to an adult [&hellip;]<\/p>","protected":false},"featured_media":2403,"parent":0,"template":"","meta":[],"product_brand":[],"product_cat":[35,33],"product_tag":[],"levels":[40],"class_list":{"0":"post-2346","1":"product","2":"type-product","3":"status-publish","4":"has-post-thumbnail","6":"product_cat-advanced-courses","7":"product_cat-padi-diving-courses","8":"levels-pistopoihmenos","10":"first","11":"instock","12":"shipping-taxable","13":"purchasable","14":"product-type-simple"},"yoast_head":"<!-- This site is optimized with the Yoast SEO plugin v26.2 - https:\/\/yoast.com\/wordpress\/plugins\/seo\/ -->\n<title>PADI ReActivate &#8211; Dive Greece<\/title>\n<meta name=\"robots\" content=\"index, follow, max-snippet:-1, max-image-preview:large, max-video-preview:-1\" \/>\n<link rel=\"canonical\" href=\"https:\/\/dive-greece.gr\/fr\/p\/padi-reactivate\/\" \/>\n<meta property=\"og:locale\" content=\"fr_FR\" \/>\n<meta property=\"og:type\" content=\"article\" \/>\n<meta property=\"og:title\" content=\"PADI ReActivate &#8211; Dive Greece\" \/>\n<meta property=\"og:description\" content=\"Are you a certified diver but haven\u2019t dived in a while? Refresh your skills and knowledge while earning the highly regarded &#8220;ReActivated&#8221; status on your new PADI certification card! The PADI ReActivate course is the perfect way to regain confidence before diving on your holiday or for junior divers looking to upgrade to an adult [&hellip;]\" \/>\n<meta property=\"og:url\" content=\"https:\/\/dive-greece.gr\/fr\/p\/padi-reactivate\/\" \/>\n<meta property=\"og:site_name\" content=\"Dive Greece\" \/>\n<meta property=\"article:publisher\" content=\"https:\/\/www.facebook.com\/divegreece16\/\" \/>\n<meta property=\"article:modified_time\" content=\"2026-02-02T11:30:45+00:00\" \/>\n<meta property=\"og:image\" content=\"https:\/\/dive-greece.gr\/wp-content\/uploads\/underwater-exploration-greece-scaled.jpg\" \/>\n\t<meta property=\"og:image:width\" content=\"2560\" \/>\n\t<meta property=\"og:image:height\" content=\"1778\" \/>\n\t<meta property=\"og:image:type\" content=\"image\/jpeg\" \/>\n<meta name=\"twitter:card\" content=\"summary_large_image\" \/>\n<meta name=\"twitter:label1\" content=\"Dur\u00e9e de lecture estim\u00e9e\" \/>\n\t<meta name=\"twitter:data1\" content=\"1 minute\" \/>\n<script type=\"application\/ld+json\" class=\"yoast-schema-graph\">{\"@context\":\"https:\/\/schema.org\",\"@graph\":[{\"@type\":\"WebPage\",\"@id\":\"https:\/\/dive-greece.gr\/p\/padi-reactivate\/\",\"url\":\"https:\/\/dive-greece.gr\/p\/padi-reactivate\/\",\"name\":\"PADI ReActivate &#8211; Dive Greece\",\"isPartOf\":{\"@id\":\"https:\/\/dive-greece.gr\/#website\"},\"primaryImageOfPage\":{\"@id\":\"https:\/\/dive-greece.gr\/p\/padi-reactivate\/#primaryimage\"},\"image\":{\"@id\":\"https:\/\/dive-greece.gr\/p\/padi-reactivate\/#primaryimage\"},\"thumbnailUrl\":\"https:\/\/dive-greece.gr\/wp-content\/uploads\/underwater-exploration-greece-scaled.jpg\",\"datePublished\":\"2025-10-03T11:08:33+00:00\",\"dateModified\":\"2026-02-02T11:30:45+00:00\",\"breadcrumb\":{\"@id\":\"https:\/\/dive-greece.gr\/p\/padi-reactivate\/#breadcrumb\"},\"inLanguage\":\"fr-FR\",\"potentialAction\":[{\"@type\":\"ReadAction\",\"target\":[\"https:\/\/dive-greece.gr\/p\/padi-reactivate\/\"]}]},{\"@type\":\"ImageObject\",\"inLanguage\":\"fr-FR\",\"@id\":\"https:\/\/dive-greece.gr\/p\/padi-reactivate\/#primaryimage\",\"url\":\"https:\/\/dive-greece.gr\/wp-content\/uploads\/underwater-exploration-greece-scaled.jpg\",\"contentUrl\":\"https:\/\/dive-greece.gr\/wp-content\/uploads\/underwater-exploration-greece-scaled.jpg\",\"width\":2560,\"height\":1778,\"caption\":\"OLYMPUS DIGITAL CAMERA\"},{\"@type\":\"BreadcrumbList\",\"@id\":\"https:\/\/dive-greece.gr\/p\/padi-reactivate\/#breadcrumb\",\"itemListElement\":[{\"@type\":\"ListItem\",\"position\":1,\"name\":\"Home\",\"item\":\"https:\/\/dive-greece.gr\/\"},{\"@type\":\"ListItem\",\"position\":2,\"name\":\"Shop\",\"item\":\"https:\/\/dive-greece.gr\/shop\/\"},{\"@type\":\"ListItem\",\"position\":3,\"name\":\"PADI Diving Courses\",\"item\":\"https:\/\/dive-greece.gr\/c\/padi-diving-courses\/\"},{\"@type\":\"ListItem\",\"position\":4,\"name\":\"PADI ReActivate\"}]},{\"@type\":\"WebSite\",\"@id\":\"https:\/\/dive-greece.gr\/#website\",\"url\":\"https:\/\/dive-greece.gr\/\",\"name\":\"Dive Greece\",\"description\":\"\",\"publisher\":{\"@id\":\"https:\/\/dive-greece.gr\/#organization\"},\"potentialAction\":[{\"@type\":\"SearchAction\",\"target\":{\"@type\":\"EntryPoint\",\"urlTemplate\":\"https:\/\/dive-greece.gr\/?s={search_term_string}\"},\"query-input\":{\"@type\":\"PropertyValueSpecification\",\"valueRequired\":true,\"valueName\":\"search_term_string\"}}],\"inLanguage\":\"fr-FR\"},{\"@type\":\"Organization\",\"@id\":\"https:\/\/dive-greece.gr\/#organization\",\"name\":\"Dive Greece\",\"url\":\"https:\/\/dive-greece.gr\/\",\"logo\":{\"@type\":\"ImageObject\",\"inLanguage\":\"fr-FR\",\"@id\":\"https:\/\/dive-greece.gr\/#\/schema\/logo\/image\/\",\"url\":\"https:\/\/dive-greece.gr\/wp-content\/uploads\/logo-dive-greece.png\",\"contentUrl\":\"https:\/\/dive-greece.gr\/wp-content\/uploads\/logo-dive-greece.png\",\"width\":264,\"height\":136,\"caption\":\"Dive Greece\"},\"image\":{\"@id\":\"https:\/\/dive-greece.gr\/#\/schema\/logo\/image\/\"},\"sameAs\":[\"https:\/\/www.facebook.com\/divegreece16\/\"]}]}<\/script>\n<!-- \/ Yoast SEO plugin. -->","yoast_head_json":{"title":"PADI ReActivate &#8211; Dive Greece","robots":{"index":"index","follow":"follow","max-snippet":"max-snippet:-1","max-image-preview":"max-image-preview:large","max-video-preview":"max-video-preview:-1"},"canonical":"https:\/\/dive-greece.gr\/fr\/p\/padi-reactivate\/","og_locale":"fr_FR","og_type":"article","og_title":"PADI ReActivate &#8211; Dive Greece","og_description":"Are you a certified diver but haven\u2019t dived in a while? Refresh your skills and knowledge while earning the highly regarded &#8220;ReActivated&#8221; status on your new PADI certification card! The PADI ReActivate course is the perfect way to regain confidence before diving on your holiday or for junior divers looking to upgrade to an adult [&hellip;]","og_url":"https:\/\/dive-greece.gr\/fr\/p\/padi-reactivate\/","og_site_name":"Dive Greece","article_publisher":"https:\/\/www.facebook.com\/divegreece16\/","article_modified_time":"2026-02-02T11:30:45+00:00","og_image":[{"width":2560,"height":1778,"url":"https:\/\/dive-greece.gr\/wp-content\/uploads\/underwater-exploration-greece-scaled.jpg","type":"image\/jpeg"}],"twitter_card":"summary_large_image","twitter_misc":{"Dur\u00e9e de lecture estim\u00e9e":"1 minute"},"schema":{"@context":"https:\/\/schema.org","@graph":[{"@type":"WebPage","@id":"https:\/\/dive-greece.gr\/p\/padi-reactivate\/","url":"https:\/\/dive-greece.gr\/p\/padi-reactivate\/","name":"PADI ReActivate &#8211; Dive Greece","isPartOf":{"@id":"https:\/\/dive-greece.gr\/#website"},"primaryImageOfPage":{"@id":"https:\/\/dive-greece.gr\/p\/padi-reactivate\/#primaryimage"},"image":{"@id":"https:\/\/dive-greece.gr\/p\/padi-reactivate\/#primaryimage"},"thumbnailUrl":"https:\/\/dive-greece.gr\/wp-content\/uploads\/underwater-exploration-greece-scaled.jpg","datePublished":"2025-10-03T11:08:33+00:00","dateModified":"2026-02-02T11:30:45+00:00","breadcrumb":{"@id":"https:\/\/dive-greece.gr\/p\/padi-reactivate\/#breadcrumb"},"inLanguage":"fr-FR","potentialAction":[{"@type":"ReadAction","target":["https:\/\/dive-greece.gr\/p\/padi-reactivate\/"]}]},{"@type":"ImageObject","inLanguage":"fr-FR","@id":"https:\/\/dive-greece.gr\/p\/padi-reactivate\/#primaryimage","url":"https:\/\/dive-greece.gr\/wp-content\/uploads\/underwater-exploration-greece-scaled.jpg","contentUrl":"https:\/\/dive-greece.gr\/wp-content\/uploads\/underwater-exploration-greece-scaled.jpg","width":2560,"height":1778,"caption":"OLYMPUS DIGITAL CAMERA"},{"@type":"BreadcrumbList","@id":"https:\/\/dive-greece.gr\/p\/padi-reactivate\/#breadcrumb","itemListElement":[{"@type":"ListItem","position":1,"name":"Home","item":"https:\/\/dive-greece.gr\/"},{"@type":"ListItem","position":2,"name":"Shop","item":"https:\/\/dive-greece.gr\/shop\/"},{"@type":"ListItem","position":3,"name":"PADI Diving Courses","item":"https:\/\/dive-greece.gr\/c\/padi-diving-courses\/"},{"@type":"ListItem","position":4,"name":"PADI ReActivate"}]},{"@type":"WebSite","@id":"https:\/\/dive-greece.gr\/#website","url":"https:\/\/dive-greece.gr\/","name":"Dive Greece","description":"","publisher":{"@id":"https:\/\/dive-greece.gr\/#organization"},"potentialAction":[{"@type":"SearchAction","target":{"@type":"EntryPoint","urlTemplate":"https:\/\/dive-greece.gr\/?s={search_term_string}"},"query-input":{"@type":"PropertyValueSpecification","valueRequired":true,"valueName":"search_term_string"}}],"inLanguage":"fr-FR"},{"@type":"Organization","@id":"https:\/\/dive-greece.gr\/#organization","name":"Dive Greece","url":"https:\/\/dive-greece.gr\/","logo":{"@type":"ImageObject","inLanguage":"fr-FR","@id":"https:\/\/dive-greece.gr\/#\/schema\/logo\/image\/","url":"https:\/\/dive-greece.gr\/wp-content\/uploads\/logo-dive-greece.png","contentUrl":"https:\/\/dive-greece.gr\/wp-content\/uploads\/logo-dive-greece.png","width":264,"height":136,"caption":"Dive Greece"},"image":{"@id":"https:\/\/dive-greece.gr\/#\/schema\/logo\/image\/"},"sameAs":["https:\/\/www.facebook.com\/divegreece16\/"]}]}},"_links":{"self":[{"href":"https:\/\/dive-greece.gr\/fr\/wp-json\/wp\/v2\/product\/2346","targetHints":{"allow":["GET"]}}],"collection":[{"href":"https:\/\/dive-greece.gr\/fr\/wp-json\/wp\/v2\/product"}],"about":[{"href":"https:\/\/dive-greece.gr\/fr\/wp-json\/wp\/v2\/types\/product"}],"wp:featuredmedia":[{"embeddable":true,"href":"https:\/\/dive-greece.gr\/fr\/wp-json\/wp\/v2\/media\/2403"}],"wp:attachment":[{"href":"https:\/\/dive-greece.gr\/fr\/wp-json\/wp\/v2\/media?parent=2346"}],"wp:term":[{"taxonomy":"product_brand","embeddable":true,"href":"https:\/\/dive-greece.gr\/fr\/wp-json\/wp\/v2\/product_brand?post=2346"},{"taxonomy":"product_cat","embeddable":true,"href":"https:\/\/dive-greece.gr\/fr\/wp-json\/wp\/v2\/product_cat?post=2346"},{"taxonomy":"product_tag","embeddable":true,"href":"https:\/\/dive-greece.gr\/fr\/wp-json\/wp\/v2\/product_tag?post=2346"},{"taxonomy":"levels","embeddable":true,"href":"https:\/\/dive-greece.gr\/fr\/wp-json\/wp\/v2\/levels?post=2346"}],"curies":[{"name":"wp","href":"https:\/\/api.w.org\/{rel}","templated":true}]}}